{"id":2219,"date":"2021-03-05T12:51:04","date_gmt":"2021-03-05T09:51:04","guid":{"rendered":"https:\/\/ac.umutore.com\/home\/"},"modified":"2023-04-14T23:40:28","modified_gmt":"2023-04-14T20:40:28","slug":"home","status":"publish","type":"page","link":"https:\/\/onurceliktas.av.tr\/en\/","title":{"rendered":"Home"},"content":{"rendered":"\t\t<div data-elementor-type=\"wp-page\" data-elementor-id=\"2219\" class=\"elementor elementor-2219 elementor-19\">\n\t\t\t\t\t\t<section class=\"elementor-section elementor-top-section elementor-element elementor-element-8d83d04 elementor-section-boxed elementor-section-height-default elementor-section-height-default\" data-id=\"8d83d04\" data-element_type=\"section\" data-settings=\"{&quot;background_background&quot;:&quot;classic&quot;}\">\n\t\t\t\t\t\t\t<div class=\"elementor-background-overlay\"><\/div>\n\t\t\t\t\t\t\t<div class=\"elementor-container elementor-column-gap-no\">\n\t\t\t\t\t<div class=\"elementor-column elementor-col-100 elementor-top-column elementor-element elementor-element-92cb087\" data-id=\"92cb087\" data-element_type=\"column\">\n\t\t\t<div class=\"elementor-widget-wrap elementor-element-populated\">\n\t\t\t\t\t\t<div class=\"elementor-element elementor-element-7792e83 elementor-widget elementor-widget-heading\" data-id=\"7792e83\" data-element_type=\"widget\" data-widget_type=\"heading.default\">\n\t\t\t\t<div class=\"elementor-widget-container\">\n\t\t\t<style>\/*! elementor - v3.22.0 - 26-06-2024 *\/\n.elementor-heading-title{padding:0;margin:0;line-height:1}.elementor-widget-heading .elementor-heading-title[class*=elementor-size-]>a{color:inherit;font-size:inherit;line-height:inherit}.elementor-widget-heading .elementor-heading-title.elementor-size-small{font-size:15px}.elementor-widget-heading .elementor-heading-title.elementor-size-medium{font-size:19px}.elementor-widget-heading .elementor-heading-title.elementor-size-large{font-size:29px}.elementor-widget-heading .elementor-heading-title.elementor-size-xl{font-size:39px}.elementor-widget-heading .elementor-heading-title.elementor-size-xxl{font-size:59px}<\/style><h1 class=\"elementor-heading-title elementor-size-xxl\">A&amp;C Law and Consulting<\/h1>\t\t<\/div>\n\t\t\t\t<\/div>\n\t\t\t\t<div class=\"elementor-element elementor-element-cf46a16 elementor-widget elementor-widget-heading\" data-id=\"cf46a16\" data-element_type=\"widget\" data-widget_type=\"heading.default\">\n\t\t\t\t<div class=\"elementor-widget-container\">\n\t\t\t<h2 class=\"elementor-heading-title elementor-size-large\"><span style=\"font-size:0.8em;\">Av. Onur \u00c7EL\u0130KTA\u015e &amp; Av. Ersin SA\u011eLAM  <\/span><\/h2>\t\t<\/div>\n\t\t\t\t<\/div>\n\t\t\t\t<div class=\"elementor-element elementor-element-1225dd3 elementor-widget elementor-widget-text-editor\" data-id=\"1225dd3\" data-element_type=\"widget\" data-widget_type=\"text-editor.default\">\n\t\t\t\t<div class=\"elementor-widget-container\">\n\t\t\t<style>\/*! elementor - v3.22.0 - 26-06-2024 *\/\n.elementor-widget-text-editor.elementor-drop-cap-view-stacked .elementor-drop-cap{background-color:#69727d;color:#fff}.elementor-widget-text-editor.elementor-drop-cap-view-framed .elementor-drop-cap{color:#69727d;border:3px solid;background-color:transparent}.elementor-widget-text-editor:not(.elementor-drop-cap-view-default) .elementor-drop-cap{margin-top:8px}.elementor-widget-text-editor:not(.elementor-drop-cap-view-default) .elementor-drop-cap-letter{width:1em;height:1em}.elementor-widget-text-editor .elementor-drop-cap{float:left;text-align:center;line-height:1;font-size:50px}.elementor-widget-text-editor .elementor-drop-cap-letter{display:inline-block}<\/style>\t\t\t\t<p>Since 2018, A&amp;C Law and Consultancy, which has been serving with its expert staff in its field, stands out with its preventive legal services as well as managing and monitoring the legal processes of its clients.<\/p>\n\t\t\t\t\t\t<\/div>\n\t\t\t\t<\/div>\n\t\t\t\t<div class=\"elementor-element elementor-element-6361ec0 elementor-mobile-align-center elementor-widget elementor-widget-button\" data-id=\"6361ec0\" data-element_type=\"widget\" data-widget_type=\"button.default\">\n\t\t\t\t<div class=\"elementor-widget-container\">\n\t\t\t\t\t<div class=\"elementor-button-wrapper\">\n\t\t\t<a class=\"elementor-button elementor-button-link elementor-size-sm\" href=\"https:\/\/onurceliktas.av.tr\/en\/about-us\/\">\n\t\t\t\t\t\t<span class=\"elementor-button-content-wrapper\">\n\t\t\t\t\t\t\t\t\t<span class=\"elementor-button-text\">WHO ARE WE?<\/span>\n\t\t\t\t\t<\/span>\n\t\t\t\t\t<\/a>\n\t\t<\/div>\n\t\t\t\t<\/div>\n\t\t\t\t<\/div>\n\t\t\t\t\t<\/div>\n\t\t<\/div>\n\t\t\t\t\t<\/div>\n\t\t<\/section>\n\t\t\t\t<section class=\"elementor-section elementor-top-section elementor-element elementor-element-7bbcc2d elementor-section-boxed elementor-section-height-default elementor-section-height-default\" data-id=\"7bbcc2d\" data-element_type=\"section\" data-settings=\"{&quot;background_background&quot;:&quot;classic&quot;}\">\n\t\t\t\t\t\t<div class=\"elementor-container elementor-column-gap-no\">\n\t\t\t\t\t<div class=\"elementor-column elementor-col-100 elementor-top-column elementor-element elementor-element-d4af46a\" data-id=\"d4af46a\" data-element_type=\"column\">\n\t\t\t<div class=\"elementor-widget-wrap elementor-element-populated\">\n\t\t\t\t\t\t<div class=\"elementor-element elementor-element-7a30bbf elementor-widget__width-auto elementor-view-default elementor-widget elementor-widget-icon\" data-id=\"7a30bbf\" data-element_type=\"widget\" data-widget_type=\"icon.default\">\n\t\t\t\t<div class=\"elementor-widget-container\">\n\t\t\t\t\t<div class=\"elementor-icon-wrapper\">\n\t\t\t<div class=\"elementor-icon\">\n\t\t\t<i aria-hidden=\"true\" class=\"far fa-clock\"><\/i>\t\t\t<\/div>\n\t\t<\/div>\n\t\t\t\t<\/div>\n\t\t\t\t<\/div>\n\t\t\t\t<div class=\"elementor-element elementor-element-1b731e7 elementor-widget__width-auto animated-slow elementor-invisible elementor-widget elementor-widget-heading\" data-id=\"1b731e7\" data-element_type=\"widget\" data-settings=\"{&quot;_animation&quot;:&quot;headShake&quot;}\" data-widget_type=\"heading.default\">\n\t\t\t\t<div class=\"elementor-widget-container\">\n\t\t\t<div class=\"elementor-heading-title elementor-size-default\">6.<span style=\"position:relative; top:-5px;left: 3px;\">000+<\/span><\/div>\t\t<\/div>\n\t\t\t\t<\/div>\n\t\t\t\t<div class=\"elementor-element elementor-element-94d04cf elementor-widget elementor-widget-heading\" data-id=\"94d04cf\" data-element_type=\"widget\" data-widget_type=\"heading.default\">\n\t\t\t\t<div class=\"elementor-widget-container\">\n\t\t\t<h3 class=\"elementor-heading-title elementor-size-default\">Overworked case file.<\/h3>\t\t<\/div>\n\t\t\t\t<\/div>\n\t\t\t\t<div class=\"elementor-element elementor-element-b11eac7 elementor-widget elementor-widget-text-editor\" data-id=\"b11eac7\" data-element_type=\"widget\" data-widget_type=\"text-editor.default\">\n\t\t\t\t<div class=\"elementor-widget-container\">\n\t\t\t\t\t\t\t<p>As a lawyer, we provide legal advice and representation to our clients.  <br \/>Our experience is at your disposal to ensure a fair outcome.<\/p>\n\t\t\t\t\t\t<\/div>\n\t\t\t\t<\/div>\n\t\t\t\t<section class=\"elementor-section elementor-inner-section elementor-element elementor-element-16ef59d elementor-section-content-middle elementor-section-boxed elementor-section-height-default elementor-section-height-default\" data-id=\"16ef59d\" data-element_type=\"section\">\n\t\t\t\t\t\t<div class=\"elementor-container elementor-column-gap-no\">\n\t\t\t\t\t<div class=\"elementor-column elementor-col-50 elementor-inner-column elementor-element elementor-element-9b43521\" data-id=\"9b43521\" data-element_type=\"column\">\n\t\t\t<div class=\"elementor-widget-wrap elementor-element-populated\">\n\t\t\t\t\t\t<div class=\"elementor-element elementor-element-d225d31 animated-slow elementor-invisible elementor-widget elementor-widget-image\" data-id=\"d225d31\" data-element_type=\"widget\" data-settings=\"{&quot;_animation&quot;:&quot;fadeIn&quot;}\" data-widget_type=\"image.default\">\n\t\t\t\t<div class=\"elementor-widget-container\">\n\t\t\t<style>\/*! elementor - v3.22.0 - 26-06-2024 *\/\n.elementor-widget-image{text-align:center}.elementor-widget-image a{display:inline-block}.elementor-widget-image a img[src$=\".svg\"]{width:48px}.elementor-widget-image img{vertical-align:middle;display:inline-block}<\/style>\t\t\t\t\t\t\t\t\t\t<img fetchpriority=\"high\" decoding=\"async\" width=\"300\" height=\"204\" src=\"https:\/\/onurceliktas.av.tr\/wp-content\/uploads\/2023\/03\/Asset-2-200x136.png\" class=\"attachment-full size-full wp-image-1518\" alt=\"A&amp;C Hukuk-Dan\u0131\u015fmanl\u0131k Logo\" srcset=\"https:\/\/onurceliktas.av.tr\/wp-content\/uploads\/2023\/03\/Asset-2.png 300w, https:\/\/onurceliktas.av.tr\/wp-content\/uploads\/2023\/03\/Asset-2-200x136.png 200w\" sizes=\"(max-width: 300px) 100vw, 300px\" \/>\t\t\t\t\t\t\t\t\t\t\t\t\t<\/div>\n\t\t\t\t<\/div>\n\t\t\t\t\t<\/div>\n\t\t<\/div>\n\t\t\t\t<div class=\"elementor-column elementor-col-50 elementor-inner-column elementor-element elementor-element-a209a65\" data-id=\"a209a65\" data-element_type=\"column\">\n\t\t\t<div class=\"elementor-widget-wrap elementor-element-populated\">\n\t\t\t\t\t\t<div class=\"elementor-element elementor-element-0dc401e elementor-widget elementor-widget-heading\" data-id=\"0dc401e\" data-element_type=\"widget\" data-widget_type=\"heading.default\">\n\t\t\t\t<div class=\"elementor-widget-container\">\n\t\t\t<h5 class=\"elementor-heading-title elementor-size-default\">Who are we?<\/h5>\t\t<\/div>\n\t\t\t\t<\/div>\n\t\t\t\t<div class=\"elementor-element elementor-element-ba228c2 elementor-widget elementor-widget-heading\" data-id=\"ba228c2\" data-element_type=\"widget\" data-widget_type=\"heading.default\">\n\t\t\t\t<div class=\"elementor-widget-container\">\n\t\t\t<h2 class=\"elementor-heading-title elementor-size-default\">A&C Law and Consultancy with Preventive Legal Services<\/h2>\t\t<\/div>\n\t\t\t\t<\/div>\n\t\t\t\t<div class=\"elementor-element elementor-element-38eddc6 elementor-widget elementor-widget-text-editor\" data-id=\"38eddc6\" data-element_type=\"widget\" data-widget_type=\"text-editor.default\">\n\t\t\t\t<div class=\"elementor-widget-container\">\n\t\t\t\t\t\t\t<p>Since 2018, A&amp;C Law and Consultancy, which has been serving with its expert staff in its field, stands out with its preventive legal services as well as managing and monitoring the legal processes of its clients.  <\/p>\n\t\t\t\t\t\t<\/div>\n\t\t\t\t<\/div>\n\t\t\t\t<div class=\"elementor-element elementor-element-3166d81 elementor-align-left elementor-widget elementor-widget-button\" data-id=\"3166d81\" data-element_type=\"widget\" data-widget_type=\"button.default\">\n\t\t\t\t<div class=\"elementor-widget-container\">\n\t\t\t\t\t<div class=\"elementor-button-wrapper\">\n\t\t\t<a class=\"elementor-button elementor-button-link elementor-size-md\" href=\"https:\/\/onurceliktas.av.tr\/en\/about-us\/\">\n\t\t\t\t\t\t<span class=\"elementor-button-content-wrapper\">\n\t\t\t\t\t\t<span class=\"elementor-button-icon\">\n\t\t\t\t<i aria-hidden=\"true\" class=\"fas fa-info-circle\"><\/i>\t\t\t<\/span>\n\t\t\t\t\t\t\t\t\t<span class=\"elementor-button-text\">More<\/span>\n\t\t\t\t\t<\/span>\n\t\t\t\t\t<\/a>\n\t\t<\/div>\n\t\t\t\t<\/div>\n\t\t\t\t<\/div>\n\t\t\t\t\t<\/div>\n\t\t<\/div>\n\t\t\t\t\t<\/div>\n\t\t<\/section>\n\t\t\t\t\t<\/div>\n\t\t<\/div>\n\t\t\t\t\t<\/div>\n\t\t<\/section>\n\t\t\t\t<section class=\"elementor-section elementor-top-section elementor-element elementor-element-0a80c5f elementor-section-boxed elementor-section-height-default elementor-section-height-default\" data-id=\"0a80c5f\" data-element_type=\"section\" data-settings=\"{&quot;background_background&quot;:&quot;classic&quot;}\">\n\t\t\t\t\t\t<div class=\"elementor-container elementor-column-gap-no\">\n\t\t\t\t\t<div class=\"elementor-column elementor-col-100 elementor-top-column elementor-element elementor-element-02115c5\" data-id=\"02115c5\" data-element_type=\"column\">\n\t\t\t<div class=\"elementor-widget-wrap elementor-element-populated\">\n\t\t\t\t\t\t<section class=\"elementor-section elementor-inner-section elementor-element elementor-element-5494b65 elementor-section-content-bottom elementor-section-boxed elementor-section-height-default elementor-section-height-default\" data-id=\"5494b65\" data-element_type=\"section\">\n\t\t\t\t\t\t<div class=\"elementor-container elementor-column-gap-no\">\n\t\t\t\t\t<div class=\"elementor-column elementor-col-66 elementor-inner-column elementor-element elementor-element-28b630c\" data-id=\"28b630c\" data-element_type=\"column\">\n\t\t\t<div class=\"elementor-widget-wrap elementor-element-populated\">\n\t\t\t\t\t\t<div class=\"elementor-element elementor-element-e23ead4 elementor-widget elementor-widget-heading\" data-id=\"e23ead4\" data-element_type=\"widget\" data-widget_type=\"heading.default\">\n\t\t\t\t<div class=\"elementor-widget-container\">\n\t\t\t<h2 class=\"elementor-heading-title elementor-size-default\">Areas of Activity<\/h2>\t\t<\/div>\n\t\t\t\t<\/div>\n\t\t\t\t<div class=\"elementor-element elementor-element-cde6c99 elementor-widget elementor-widget-text-editor\" data-id=\"cde6c99\" data-element_type=\"widget\" data-widget_type=\"text-editor.default\">\n\t\t\t\t<div class=\"elementor-widget-container\">\n\t\t\t\t\t\t\t<p>At our law firm, we provide legal advice and representation to our clients. These services mainly include Labor Law, Insurance and Compensation Law, Enforcement and Bankruptcy Law and Criminal Law. We also work to ensure that our clients&#8217; legal rights are protected and that the best outcome is achieved.<\/p>\n\t\t\t\t\t\t<\/div>\n\t\t\t\t<\/div>\n\t\t\t\t\t<\/div>\n\t\t<\/div>\n\t\t\t\t<div class=\"elementor-column elementor-col-33 elementor-inner-column elementor-element elementor-element-6944022\" data-id=\"6944022\" data-element_type=\"column\">\n\t\t\t<div class=\"elementor-widget-wrap elementor-element-populated\">\n\t\t\t\t\t\t<div class=\"elementor-element elementor-element-7f01222 elementor-align-center elementor-mobile-align-center elementor-widget elementor-widget-button\" data-id=\"7f01222\" data-element_type=\"widget\" data-widget_type=\"button.default\">\n\t\t\t\t<div class=\"elementor-widget-container\">\n\t\t\t\t\t<div class=\"elementor-button-wrapper\">\n\t\t\t<a class=\"elementor-button elementor-button-link elementor-size-sm\" href=\"\/our-areas-of-activity\">\n\t\t\t\t\t\t<span class=\"elementor-button-content-wrapper\">\n\t\t\t\t\t\t<span class=\"elementor-button-icon\">\n\t\t\t\t<i aria-hidden=\"true\" class=\"fas fa-arrow-right\"><\/i>\t\t\t<\/span>\n\t\t\t\t\t\t\t\t\t<span class=\"elementor-button-text\">VIEW ALL FIELDS OF ACTIVITY<\/span>\n\t\t\t\t\t<\/span>\n\t\t\t\t\t<\/a>\n\t\t<\/div>\n\t\t\t\t<\/div>\n\t\t\t\t<\/div>\n\t\t\t\t\t<\/div>\n\t\t<\/div>\n\t\t\t\t\t<\/div>\n\t\t<\/section>\n\t\t\t\t\t<\/div>\n\t\t<\/div>\n\t\t\t\t\t<\/div>\n\t\t<\/section>\n\t\t\t\t<\/div>\n\t\t","protected":false},"excerpt":{"rendered":"<p>A&amp;C Law and Consulting Av. Onur \u00c7EL\u0130KTA\u015e &amp; Av. Ersin SA\u011eLAM Since 2018, A&amp;C Law and Consultancy, which has been serving with its expert staff in its field, stands out with its preventive legal services as well as managing and monitoring the legal processes of its clients. WHO ARE WE? 6.000+ Overworked case file. As &hellip;<\/p>\n<p class=\"read-more\"> <a class=\"\" href=\"https:\/\/onurceliktas.av.tr\/en\/\"> <span class=\"screen-reader-text\">Home<\/span> Read More &raquo;<\/a><\/p>\n","protected":false},"author":1,"featured_media":0,"parent":0,"menu_order":0,"comment_status":"closed","ping_status":"closed","template":"","meta":{"site-sidebar-layout":"no-sidebar","site-content-layout":"page-builder","ast-global-header-display":"","ast-main-header-display":"","ast-hfb-above-header-display":"","ast-hfb-below-header-display":"","ast-hfb-mobile-header-display":"","site-post-title":"disabled","ast-breadcrumbs-content":"disabled","ast-featured-img":"disabled","footer-sml-layout":"","theme-transparent-header-meta":"enabled","adv-header-id-meta":"","stick-header-meta":"","header-above-stick-meta":"","header-main-stick-meta":"","header-below-stick-meta":"","footnotes":""},"yoast_head":"<!-- This site is optimized with the Yoast SEO plugin v20.5 - https:\/\/yoast.com\/wordpress\/plugins\/seo\/ -->\n<title>Home - A&amp;C Law - Consulting<\/title>\n<meta name=\"robots\" content=\"index, follow, max-snippet:-1, max-image-preview:large, max-video-preview:-1\" \/>\n<link rel=\"canonical\" href=\"https:\/\/onurceliktas.av.tr\/en\/home\/\" \/>\n<meta property=\"og:locale\" content=\"en_US\" \/>\n<meta property=\"og:type\" content=\"article\" \/>\n<meta property=\"og:title\" content=\"Home - A&amp;C Law - Consulting\" \/>\n<meta property=\"og:description\" content=\"A&amp;C Law and Consulting Av. Onur \u00c7EL\u0130KTA\u015e &amp; Av. Ersin SA\u011eLAM Since 2018, A&amp;C Law and Consultancy, which has been serving with its expert staff in its field, stands out with its preventive legal services as well as managing and monitoring the legal processes of its clients. WHO ARE WE? 6.000+ Overworked case file. As &hellip; Home Read More &raquo;\" \/>\n<meta property=\"og:url\" content=\"https:\/\/onurceliktas.av.tr\/en\/home\/\" \/>\n<meta property=\"og:site_name\" content=\"A&amp;C Law - Consulting\" \/>\n<meta property=\"article:modified_time\" content=\"2023-04-14T20:40:28+00:00\" \/>\n<meta property=\"og:image\" content=\"https:\/\/onurceliktas.av.tr\/wp-content\/uploads\/2023\/03\/Asset-2-200x136.png\" \/>\n<meta name=\"twitter:card\" content=\"summary_large_image\" \/>\n<meta name=\"twitter:label1\" content=\"Est. reading time\" \/>\n\t<meta name=\"twitter:data1\" content=\"1 minute\" \/>\n<script type=\"application\/ld+json\" class=\"yoast-schema-graph\">{\"@context\":\"https:\/\/schema.org\",\"@graph\":[{\"@type\":\"WebPage\",\"@id\":\"https:\/\/onurceliktas.av.tr\/en\/home\/\",\"url\":\"https:\/\/onurceliktas.av.tr\/en\/home\/\",\"name\":\"Home - A&amp;C Law - Consulting\",\"isPartOf\":{\"@id\":\"https:\/\/onurceliktas.av.tr\/#website\"},\"datePublished\":\"2021-03-05T09:51:04+00:00\",\"dateModified\":\"2023-04-14T20:40:28+00:00\",\"breadcrumb\":{\"@id\":\"https:\/\/onurceliktas.av.tr\/en\/home\/#breadcrumb\"},\"inLanguage\":\"en-US\",\"potentialAction\":[{\"@type\":\"ReadAction\",\"target\":[\"https:\/\/onurceliktas.av.tr\/en\/home\/\"]}]},{\"@type\":\"BreadcrumbList\",\"@id\":\"https:\/\/onurceliktas.av.tr\/en\/home\/#breadcrumb\",\"itemListElement\":[{\"@type\":\"ListItem\",\"position\":1,\"name\":\"Anasayfa\",\"item\":\"https:\/\/onurceliktas.av.tr\/en\/home\/\"},{\"@type\":\"ListItem\",\"position\":2,\"name\":\"Home\"}]},{\"@type\":\"WebSite\",\"@id\":\"https:\/\/onurceliktas.av.tr\/#website\",\"url\":\"https:\/\/onurceliktas.av.tr\/\",\"name\":\"A&C Hukuk - Dan\u0131\u015fmanl\u0131k\",\"description\":\"\",\"publisher\":{\"@id\":\"https:\/\/onurceliktas.av.tr\/#organization\"},\"potentialAction\":[{\"@type\":\"SearchAction\",\"target\":{\"@type\":\"EntryPoint\",\"urlTemplate\":\"https:\/\/onurceliktas.av.tr\/?s={search_term_string}\"},\"query-input\":\"required name=search_term_string\"}],\"inLanguage\":\"en-US\"},{\"@type\":\"Organization\",\"@id\":\"https:\/\/onurceliktas.av.tr\/#organization\",\"name\":\"A&C Hukuk - Dan\u0131\u015fmanl\u0131k\",\"url\":\"https:\/\/onurceliktas.av.tr\/\",\"logo\":{\"@type\":\"ImageObject\",\"inLanguage\":\"en-US\",\"@id\":\"https:\/\/onurceliktas.av.tr\/#\/schema\/logo\/image\/\",\"url\":\"https:\/\/onurceliktas.av.tr\/wp-content\/uploads\/2023\/03\/Asset-2.png\",\"contentUrl\":\"https:\/\/onurceliktas.av.tr\/wp-content\/uploads\/2023\/03\/Asset-2.png\",\"width\":300,\"height\":204,\"caption\":\"A&C Hukuk - Dan\u0131\u015fmanl\u0131k\"},\"image\":{\"@id\":\"https:\/\/onurceliktas.av.tr\/#\/schema\/logo\/image\/\"}}]}<\/script>\n<!-- \/ Yoast SEO plugin. -->","yoast_head_json":{"title":"Home - A&amp;C Law - Consulting","robots":{"index":"index","follow":"follow","max-snippet":"max-snippet:-1","max-image-preview":"max-image-preview:large","max-video-preview":"max-video-preview:-1"},"canonical":"https:\/\/onurceliktas.av.tr\/en\/home\/","og_locale":"en_US","og_type":"article","og_title":"Home - A&amp;C Law - Consulting","og_description":"A&amp;C Law and Consulting Av. Onur \u00c7EL\u0130KTA\u015e &amp; Av. Ersin SA\u011eLAM Since 2018, A&amp;C Law and Consultancy, which has been serving with its expert staff in its field, stands out with its preventive legal services as well as managing and monitoring the legal processes of its clients. WHO ARE WE? 6.000+ Overworked case file. As &hellip; Home Read More &raquo;","og_url":"https:\/\/onurceliktas.av.tr\/en\/home\/","og_site_name":"A&amp;C Law - Consulting","article_modified_time":"2023-04-14T20:40:28+00:00","og_image":[{"url":"https:\/\/onurceliktas.av.tr\/wp-content\/uploads\/2023\/03\/Asset-2-200x136.png"}],"twitter_card":"summary_large_image","twitter_misc":{"Est. reading time":"1 minute"},"schema":{"@context":"https:\/\/schema.org","@graph":[{"@type":"WebPage","@id":"https:\/\/onurceliktas.av.tr\/en\/home\/","url":"https:\/\/onurceliktas.av.tr\/en\/home\/","name":"Home - A&amp;C Law - Consulting","isPartOf":{"@id":"https:\/\/onurceliktas.av.tr\/#website"},"datePublished":"2021-03-05T09:51:04+00:00","dateModified":"2023-04-14T20:40:28+00:00","breadcrumb":{"@id":"https:\/\/onurceliktas.av.tr\/en\/home\/#breadcrumb"},"inLanguage":"en-US","potentialAction":[{"@type":"ReadAction","target":["https:\/\/onurceliktas.av.tr\/en\/home\/"]}]},{"@type":"BreadcrumbList","@id":"https:\/\/onurceliktas.av.tr\/en\/home\/#breadcrumb","itemListElement":[{"@type":"ListItem","position":1,"name":"Anasayfa","item":"https:\/\/onurceliktas.av.tr\/en\/home\/"},{"@type":"ListItem","position":2,"name":"Home"}]},{"@type":"WebSite","@id":"https:\/\/onurceliktas.av.tr\/#website","url":"https:\/\/onurceliktas.av.tr\/","name":"A&C Hukuk - Dan\u0131\u015fmanl\u0131k","description":"","publisher":{"@id":"https:\/\/onurceliktas.av.tr\/#organization"},"potentialAction":[{"@type":"SearchAction","target":{"@type":"EntryPoint","urlTemplate":"https:\/\/onurceliktas.av.tr\/?s={search_term_string}"},"query-input":"required name=search_term_string"}],"inLanguage":"en-US"},{"@type":"Organization","@id":"https:\/\/onurceliktas.av.tr\/#organization","name":"A&C Hukuk - Dan\u0131\u015fmanl\u0131k","url":"https:\/\/onurceliktas.av.tr\/","logo":{"@type":"ImageObject","inLanguage":"en-US","@id":"https:\/\/onurceliktas.av.tr\/#\/schema\/logo\/image\/","url":"https:\/\/onurceliktas.av.tr\/wp-content\/uploads\/2023\/03\/Asset-2.png","contentUrl":"https:\/\/onurceliktas.av.tr\/wp-content\/uploads\/2023\/03\/Asset-2.png","width":300,"height":204,"caption":"A&C Hukuk - Dan\u0131\u015fmanl\u0131k"},"image":{"@id":"https:\/\/onurceliktas.av.tr\/#\/schema\/logo\/image\/"}}]}},"_links":{"self":[{"href":"https:\/\/onurceliktas.av.tr\/en\/wp-json\/wp\/v2\/pages\/2219"}],"collection":[{"href":"https:\/\/onurceliktas.av.tr\/en\/wp-json\/wp\/v2\/pages"}],"about":[{"href":"https:\/\/onurceliktas.av.tr\/en\/wp-json\/wp\/v2\/types\/page"}],"author":[{"embeddable":true,"href":"https:\/\/onurceliktas.av.tr\/en\/wp-json\/wp\/v2\/users\/1"}],"replies":[{"embeddable":true,"href":"https:\/\/onurceliktas.av.tr\/en\/wp-json\/wp\/v2\/comments?post=2219"}],"version-history":[{"count":4,"href":"https:\/\/onurceliktas.av.tr\/en\/wp-json\/wp\/v2\/pages\/2219\/revisions"}],"predecessor-version":[{"id":2360,"href":"https:\/\/onurceliktas.av.tr\/en\/wp-json\/wp\/v2\/pages\/2219\/revisions\/2360"}],"wp:attachment":[{"href":"https:\/\/onurceliktas.av.tr\/en\/wp-json\/wp\/v2\/media?parent=2219"}],"curies":[{"name":"wp","href":"https:\/\/api.w.org\/{rel}","templated":true}]}}