{"id":2217,"date":"2021-03-09T10:02:59","date_gmt":"2021-03-09T07:02:59","guid":{"rendered":"https:\/\/ac.umutore.com\/contact\/"},"modified":"2023-04-06T14:34:12","modified_gmt":"2023-04-06T11:34:12","slug":"contact","status":"publish","type":"page","link":"https:\/\/onurceliktas.av.tr\/en\/contact\/","title":{"rendered":"Contact"},"content":{"rendered":"\t\t<div data-elementor-type=\"wp-page\" data-elementor-id=\"2217\" class=\"elementor elementor-2217 elementor-1261\">\n\t\t\t\t\t\t<section class=\"elementor-section elementor-top-section elementor-element elementor-element-5c5447b elementor-section-boxed elementor-section-height-default elementor-section-height-default\" data-id=\"5c5447b\" data-element_type=\"section\" data-settings=\"{&quot;background_background&quot;:&quot;classic&quot;}\">\n\t\t\t\t\t\t<div class=\"elementor-container elementor-column-gap-no\">\n\t\t\t\t\t<div class=\"elementor-column elementor-col-100 elementor-top-column elementor-element elementor-element-43c2c964\" data-id=\"43c2c964\" data-element_type=\"column\">\n\t\t\t<div class=\"elementor-widget-wrap elementor-element-populated\">\n\t\t\t\t\t\t<div class=\"elementor-element elementor-element-25371485 elementor-widget elementor-widget-heading\" data-id=\"25371485\" data-element_type=\"widget\" data-widget_type=\"heading.default\">\n\t\t\t\t<div class=\"elementor-widget-container\">\n\t\t\t<style>\/*! elementor - v3.22.0 - 26-06-2024 *\/\n.elementor-heading-title{padding:0;margin:0;line-height:1}.elementor-widget-heading .elementor-heading-title[class*=elementor-size-]>a{color:inherit;font-size:inherit;line-height:inherit}.elementor-widget-heading .elementor-heading-title.elementor-size-small{font-size:15px}.elementor-widget-heading .elementor-heading-title.elementor-size-medium{font-size:19px}.elementor-widget-heading .elementor-heading-title.elementor-size-large{font-size:29px}.elementor-widget-heading .elementor-heading-title.elementor-size-xl{font-size:39px}.elementor-widget-heading .elementor-heading-title.elementor-size-xxl{font-size:59px}<\/style><h1 class=\"elementor-heading-title elementor-size-xl\">Contact<\/h1>\t\t<\/div>\n\t\t\t\t<\/div>\n\t\t\t\t\t<\/div>\n\t\t<\/div>\n\t\t\t\t\t<\/div>\n\t\t<\/section>\n\t\t\t\t<section class=\"elementor-section elementor-top-section elementor-element elementor-element-72a7b31 elementor-section-boxed elementor-section-height-default elementor-section-height-default\" data-id=\"72a7b31\" data-element_type=\"section\" data-settings=\"{&quot;background_background&quot;:&quot;classic&quot;}\">\n\t\t\t\t\t\t<div class=\"elementor-container elementor-column-gap-no\">\n\t\t\t\t\t<div class=\"elementor-column elementor-col-50 elementor-top-column elementor-element elementor-element-1daf7b9\" data-id=\"1daf7b9\" data-element_type=\"column\">\n\t\t\t<div class=\"elementor-widget-wrap elementor-element-populated\">\n\t\t\t\t\t\t<div class=\"elementor-element elementor-element-2b03691 elementor-widget elementor-widget-heading\" data-id=\"2b03691\" data-element_type=\"widget\" data-widget_type=\"heading.default\">\n\t\t\t\t<div class=\"elementor-widget-container\">\n\t\t\t<h2 class=\"elementor-heading-title elementor-size-default\">Contact us<\/h2>\t\t<\/div>\n\t\t\t\t<\/div>\n\t\t\t\t<div class=\"elementor-element elementor-element-42c003e elementor-widget elementor-widget-text-editor\" data-id=\"42c003e\" data-element_type=\"widget\" data-widget_type=\"text-editor.default\">\n\t\t\t\t<div class=\"elementor-widget-container\">\n\t\t\t<style>\/*! elementor - v3.22.0 - 26-06-2024 *\/\n.elementor-widget-text-editor.elementor-drop-cap-view-stacked .elementor-drop-cap{background-color:#69727d;color:#fff}.elementor-widget-text-editor.elementor-drop-cap-view-framed .elementor-drop-cap{color:#69727d;border:3px solid;background-color:transparent}.elementor-widget-text-editor:not(.elementor-drop-cap-view-default) .elementor-drop-cap{margin-top:8px}.elementor-widget-text-editor:not(.elementor-drop-cap-view-default) .elementor-drop-cap-letter{width:1em;height:1em}.elementor-widget-text-editor .elementor-drop-cap{float:left;text-align:center;line-height:1;font-size:50px}.elementor-widget-text-editor .elementor-drop-cap-letter{display:inline-block}<\/style>\t\t\t\t<p>If you want to work with us, you can contact us.<\/p>\n\t\t\t\t\t\t<\/div>\n\t\t\t\t<\/div>\n\t\t\t\t<div class=\"elementor-element elementor-element-c52dafc elementor-position-left elementor-vertical-align-middle elementor-view-default elementor-mobile-position-top elementor-widget elementor-widget-icon-box\" data-id=\"c52dafc\" data-element_type=\"widget\" data-widget_type=\"icon-box.default\">\n\t\t\t\t<div class=\"elementor-widget-container\">\n\t\t\t<link rel=\"stylesheet\" href=\"https:\/\/onurceliktas.av.tr\/wp-content\/plugins\/elementor\/assets\/css\/widget-icon-box.min.css\">\t\t<div class=\"elementor-icon-box-wrapper\">\n\n\t\t\t\t\t\t<div class=\"elementor-icon-box-icon\">\n\t\t\t\t<a href=\"https:\/\/goo.gl\/maps\/DQWhN9uezmjMiLGT6\" target=\"_blank\" class=\"elementor-icon elementor-animation-\" tabindex=\"-1\">\n\t\t\t\t<i aria-hidden=\"true\" class=\"fas fa-map-marker-alt\"><\/i>\t\t\t\t<\/a>\n\t\t\t<\/div>\n\t\t\t\n\t\t\t\t\t\t<div class=\"elementor-icon-box-content\">\n\n\t\t\t\t\t\t\t\t\t<h4 class=\"elementor-icon-box-title\">\n\t\t\t\t\t\t<a href=\"https:\/\/goo.gl\/maps\/DQWhN9uezmjMiLGT6\" target=\"_blank\" >\n\t\t\t\t\t\t\tBahcelievler Mah. Martyr Yasar Erol Akansel Sk. No:13\/B K:2  <br>Bah\u00e7elievler \/ ISTANBUL\t\t\t\t\t\t<\/a>\n\t\t\t\t\t<\/h4>\n\t\t\t\t\n\t\t\t\t\n\t\t\t<\/div>\n\t\t\t\n\t\t<\/div>\n\t\t\t\t<\/div>\n\t\t\t\t<\/div>\n\t\t\t\t<div class=\"elementor-element elementor-element-38f6260 elementor-position-left elementor-vertical-align-middle elementor-view-default elementor-mobile-position-top elementor-widget elementor-widget-icon-box\" data-id=\"38f6260\" data-element_type=\"widget\" data-widget_type=\"icon-box.default\">\n\t\t\t\t<div class=\"elementor-widget-container\">\n\t\t\t\t\t<div class=\"elementor-icon-box-wrapper\">\n\n\t\t\t\t\t\t<div class=\"elementor-icon-box-icon\">\n\t\t\t\t<a href=\"tel:+905332030729\" class=\"elementor-icon elementor-animation-\" tabindex=\"-1\">\n\t\t\t\t<i aria-hidden=\"true\" class=\"fas fa-phone-alt\"><\/i>\t\t\t\t<\/a>\n\t\t\t<\/div>\n\t\t\t\n\t\t\t\t\t\t<div class=\"elementor-icon-box-content\">\n\n\t\t\t\t\t\t\t\t\t<h4 class=\"elementor-icon-box-title\">\n\t\t\t\t\t\t<a href=\"tel:+905332030729\" >\n\t\t\t\t\t\t\t+90 (533) 203 07 29\t\t\t\t\t\t<\/a>\n\t\t\t\t\t<\/h4>\n\t\t\t\t\n\t\t\t\t\n\t\t\t<\/div>\n\t\t\t\n\t\t<\/div>\n\t\t\t\t<\/div>\n\t\t\t\t<\/div>\n\t\t\t\t<div class=\"elementor-element elementor-element-fce20ef elementor-position-left elementor-vertical-align-middle elementor-view-default elementor-mobile-position-top elementor-widget elementor-widget-icon-box\" data-id=\"fce20ef\" data-element_type=\"widget\" data-widget_type=\"icon-box.default\">\n\t\t\t\t<div class=\"elementor-widget-container\">\n\t\t\t\t\t<div class=\"elementor-icon-box-wrapper\">\n\n\t\t\t\t\t\t<div class=\"elementor-icon-box-icon\">\n\t\t\t\t<a href=\"mailto:onurceliktas@istanbul.av.tr\" class=\"elementor-icon elementor-animation-\" tabindex=\"-1\">\n\t\t\t\t<i aria-hidden=\"true\" class=\"fas fa-envelope\"><\/i>\t\t\t\t<\/a>\n\t\t\t<\/div>\n\t\t\t\n\t\t\t\t\t\t<div class=\"elementor-icon-box-content\">\n\n\t\t\t\t\t\t\t\t\t<h4 class=\"elementor-icon-box-title\">\n\t\t\t\t\t\t<a href=\"mailto:onurceliktas@istanbul.av.tr\" >\n\t\t\t\t\t\t\tonurceliktas@istanbul.av.tr\t\t\t\t\t\t<\/a>\n\t\t\t\t\t<\/h4>\n\t\t\t\t\n\t\t\t\t\n\t\t\t<\/div>\n\t\t\t\n\t\t<\/div>\n\t\t\t\t<\/div>\n\t\t\t\t<\/div>\n\t\t\t\t<div class=\"elementor-element elementor-element-5971aac elementor-position-left elementor-vertical-align-middle elementor-view-default elementor-mobile-position-top elementor-widget elementor-widget-icon-box\" data-id=\"5971aac\" data-element_type=\"widget\" data-widget_type=\"icon-box.default\">\n\t\t\t\t<div class=\"elementor-widget-container\">\n\t\t\t\t\t<div class=\"elementor-icon-box-wrapper\">\n\n\t\t\t\t\t\t<div class=\"elementor-icon-box-icon\">\n\t\t\t\t<span  class=\"elementor-icon elementor-animation-\">\n\t\t\t\t<i aria-hidden=\"true\" class=\"fas fa-clock\"><\/i>\t\t\t\t<\/span>\n\t\t\t<\/div>\n\t\t\t\n\t\t\t\t\t\t<div class=\"elementor-icon-box-content\">\n\n\t\t\t\t\t\t\t\t\t<h4 class=\"elementor-icon-box-title\">\n\t\t\t\t\t\t<span  >\n\t\t\t\t\t\t\t8:00 - 18:00\t\t\t\t\t\t<\/span>\n\t\t\t\t\t<\/h4>\n\t\t\t\t\n\t\t\t\t\n\t\t\t<\/div>\n\t\t\t\n\t\t<\/div>\n\t\t\t\t<\/div>\n\t\t\t\t<\/div>\n\t\t\t\t\t<\/div>\n\t\t<\/div>\n\t\t\t\t<div class=\"elementor-column elementor-col-50 elementor-top-column elementor-element elementor-element-dfb2e24\" data-id=\"dfb2e24\" data-element_type=\"column\">\n\t\t\t<div class=\"elementor-widget-wrap elementor-element-populated\">\n\t\t\t\t\t\t<div class=\"elementor-element elementor-element-34aa5c3 elementor-widget elementor-widget-wpforms\" data-id=\"34aa5c3\" data-element_type=\"widget\" data-widget_type=\"wpforms.default\">\n\t\t\t\t<div class=\"elementor-widget-container\">\n\t\t\t<div class=\"wpforms-container \" id=\"wpforms-973\"><form id=\"wpforms-form-973\" class=\"wpforms-validate wpforms-form\" data-formid=\"973\" method=\"post\" enctype=\"multipart\/form-data\" action=\"\/en\/wp-json\/wp\/v2\/pages\/2217\" data-token=\"0834e52f53effd83a4e4b008c45924b2\" data-token-time=\"1776595044\"><noscript class=\"wpforms-error-noscript\">Please enable JavaScript in your browser to complete this form.<\/noscript><div class=\"wpforms-field-container\"><div id=\"wpforms-973-field_0-container\" class=\"wpforms-field wpforms-field-name\" data-field-id=\"0\"><label class=\"wpforms-field-label wpforms-label-hide\" for=\"wpforms-973-field_0\">Name - Surname <span class=\"wpforms-required-label\">*<\/span><\/label><input type=\"text\" id=\"wpforms-973-field_0\" class=\"wpforms-field-large wpforms-field-required\" name=\"wpforms[fields][0]\" placeholder=\"Name - Surname\" required><\/div><div id=\"wpforms-973-field_1-container\" class=\"wpforms-field wpforms-field-email\" data-field-id=\"1\"><label class=\"wpforms-field-label wpforms-label-hide\" for=\"wpforms-973-field_1\">E-Mail <span class=\"wpforms-required-label\">*<\/span><\/label><input type=\"email\" id=\"wpforms-973-field_1\" class=\"wpforms-field-large wpforms-field-required\" name=\"wpforms[fields][1]\" placeholder=\"E-Mail\" spellcheck=\"false\" required><\/div><div id=\"wpforms-973-field_3-container\" class=\"wpforms-field wpforms-field-text\" data-field-id=\"3\"><label class=\"wpforms-field-label wpforms-label-hide\" for=\"wpforms-973-field_3\">Subject <span class=\"wpforms-required-label\">*<\/span><\/label><input type=\"text\" id=\"wpforms-973-field_3\" class=\"wpforms-field-large wpforms-field-required\" name=\"wpforms[fields][3]\" placeholder=\"Subject\" required><\/div><div id=\"wpforms-973-field_2-container\" class=\"wpforms-field wpforms-field-textarea\" data-field-id=\"2\"><label class=\"wpforms-field-label wpforms-label-hide\" for=\"wpforms-973-field_2\">Your message <span class=\"wpforms-required-label\">*<\/span><\/label><textarea id=\"wpforms-973-field_2\" class=\"wpforms-field-medium wpforms-field-required\" name=\"wpforms[fields][2]\" placeholder=\"Your message\" required><\/textarea><\/div><\/div><!-- .wpforms-field-container --><div class=\"wpforms-field wpforms-field-hp\"><label for=\"wpforms-973-field-hp\" class=\"wpforms-field-label\">Comment<\/label><input type=\"text\" name=\"wpforms[hp]\" id=\"wpforms-973-field-hp\" class=\"wpforms-field-medium\"><\/div><div class=\"wpforms-recaptcha-container wpforms-is-hcaptcha\" ><div class=\"g-recaptcha\" data-sitekey=\"1a958ceb-5baf-463d-b639-9fa9c7c86127\"><\/div><input type=\"text\" name=\"g-recaptcha-hidden\" class=\"wpforms-recaptcha-hidden\" style=\"position:absolute!important;clip:rect(0,0,0,0)!important;height:1px!important;width:1px!important;border:0!important;overflow:hidden!important;padding:0!important;margin:0!important;\" data-rule-hcaptcha=\"1\"><\/div><div class=\"wpforms-submit-container\" ><input type=\"hidden\" name=\"wpforms[id]\" value=\"973\"><input type=\"hidden\" name=\"page_title\" value=\"\"><input type=\"hidden\" name=\"page_url\" value=\"https:\/\/onurceliktas.av.tr\/en\/wp-json\/wp\/v2\/pages\/2217\"><button type=\"submit\" name=\"wpforms[submit]\" id=\"wpforms-submit-973\" class=\"wpforms-submit\" data-alt-text=\"Sending...\" data-submit-text=\"Send Your Message\" aria-live=\"assertive\" value=\"wpforms-submit\">Send Your Message<\/button><\/div><\/form><\/div>  <!-- .wpforms-container -->\t\t<\/div>\n\t\t\t\t<\/div>\n\t\t\t\t\t<\/div>\n\t\t<\/div>\n\t\t\t\t\t<\/div>\n\t\t<\/section>\n\t\t\t\t<section class=\"elementor-section elementor-top-section elementor-element elementor-element-f8b8a95 elementor-section-boxed elementor-section-height-default elementor-section-height-default\" data-id=\"f8b8a95\" data-element_type=\"section\">\n\t\t\t\t\t\t<div class=\"elementor-container elementor-column-gap-no\">\n\t\t\t\t\t<div class=\"elementor-column elementor-col-100 elementor-top-column elementor-element elementor-element-d00f060\" data-id=\"d00f060\" data-element_type=\"column\">\n\t\t\t<div class=\"elementor-widget-wrap elementor-element-populated\">\n\t\t\t\t\t\t<div class=\"elementor-element elementor-element-4a9ab37 elementor-widget elementor-widget-google_maps\" data-id=\"4a9ab37\" data-element_type=\"widget\" data-widget_type=\"google_maps.default\">\n\t\t\t\t<div class=\"elementor-widget-container\">\n\t\t\t<style>\/*! elementor - v3.22.0 - 26-06-2024 *\/\n.elementor-widget-google_maps .elementor-widget-container{overflow:hidden}.elementor-widget-google_maps .elementor-custom-embed{line-height:0}.elementor-widget-google_maps iframe{height:300px}<\/style>\t\t<div class=\"elementor-custom-embed\">\n\t\t\t<iframe loading=\"lazy\"\n\t\t\t\t\tsrc=\"https:\/\/maps.google.com\/maps?q=%C5%9Eht.%20Ya%C5%9Far%20Erol%20Akansel%20Sk.%20No%3A13%2FB%20&#038;t=m&#038;z=14&#038;output=embed&#038;iwloc=near\"\n\t\t\t\t\ttitle=\"\u015eht. Ya\u015far Erol Akansel Sk. No:13\/B \"\n\t\t\t\t\taria-label=\"\u015eht. Ya\u015far Erol Akansel Sk. No:13\/B \"\n\t\t\t><\/iframe>\n\t\t<\/div>\n\t\t\t\t<\/div>\n\t\t\t\t<\/div>\n\t\t\t\t\t<\/div>\n\t\t<\/div>\n\t\t\t\t\t<\/div>\n\t\t<\/section>\n\t\t\t\t<\/div>\n\t\t","protected":false},"excerpt":{"rendered":"<p>Contact Contact us If you want to work with us, you can contact us. Bahcelievler Mah. Martyr Yasar Erol Akansel Sk. No:13\/B K:2 Bah\u00e7elievler \/ ISTANBUL +90 (533) 203 07 29 onurceliktas@istanbul.av.tr 8:00 &#8211; 18:00<\/p>\n","protected":false},"author":1,"featured_media":0,"parent":0,"menu_order":0,"comment_status":"closed","ping_status":"closed","template":"","meta":{"site-sidebar-layout":"no-sidebar","site-content-layout":"page-builder","ast-global-header-display":"","ast-main-header-display":"","ast-hfb-above-header-display":"","ast-hfb-below-header-display":"","ast-hfb-mobile-header-display":"","site-post-title":"disabled","ast-breadcrumbs-content":"disabled","ast-featured-img":"disabled","footer-sml-layout":"","theme-transparent-header-meta":"enabled","adv-header-id-meta":"","stick-header-meta":"","header-above-stick-meta":"","header-main-stick-meta":"","header-below-stick-meta":"","footnotes":""},"yoast_head":"<!-- This site is optimized with the Yoast SEO plugin v20.5 - https:\/\/yoast.com\/wordpress\/plugins\/seo\/ -->\n<title>Contact - A&amp;C Law - Consulting<\/title>\n<meta name=\"robots\" content=\"index, follow, max-snippet:-1, max-image-preview:large, max-video-preview:-1\" \/>\n<link rel=\"canonical\" href=\"https:\/\/onurceliktas.av.tr\/en\/contact\/\" \/>\n<meta property=\"og:locale\" content=\"en_US\" \/>\n<meta property=\"og:type\" content=\"article\" \/>\n<meta property=\"og:title\" content=\"Contact - A&amp;C Law - Consulting\" \/>\n<meta property=\"og:description\" content=\"Contact Contact us If you want to work with us, you can contact us. Bahcelievler Mah. Martyr Yasar Erol Akansel Sk. No:13\/B K:2 Bah\u00e7elievler \/ ISTANBUL +90 (533) 203 07 29 onurceliktas@istanbul.av.tr 8:00 &#8211; 18:00\" \/>\n<meta property=\"og:url\" content=\"https:\/\/onurceliktas.av.tr\/en\/contact\/\" \/>\n<meta property=\"og:site_name\" content=\"A&amp;C Law - Consulting\" \/>\n<meta property=\"article:modified_time\" content=\"2023-04-06T11:34:12+00:00\" \/>\n<meta name=\"twitter:card\" content=\"summary_large_image\" \/>\n<script type=\"application\/ld+json\" class=\"yoast-schema-graph\">{\"@context\":\"https:\/\/schema.org\",\"@graph\":[{\"@type\":\"WebPage\",\"@id\":\"https:\/\/onurceliktas.av.tr\/en\/contact\/\",\"url\":\"https:\/\/onurceliktas.av.tr\/en\/contact\/\",\"name\":\"Contact - A&amp;C Law - Consulting\",\"isPartOf\":{\"@id\":\"https:\/\/onurceliktas.av.tr\/#website\"},\"datePublished\":\"2021-03-09T07:02:59+00:00\",\"dateModified\":\"2023-04-06T11:34:12+00:00\",\"breadcrumb\":{\"@id\":\"https:\/\/onurceliktas.av.tr\/en\/contact\/#breadcrumb\"},\"inLanguage\":\"en-US\",\"potentialAction\":[{\"@type\":\"ReadAction\",\"target\":[\"https:\/\/onurceliktas.av.tr\/en\/contact\/\"]}]},{\"@type\":\"BreadcrumbList\",\"@id\":\"https:\/\/onurceliktas.av.tr\/en\/contact\/#breadcrumb\",\"itemListElement\":[{\"@type\":\"ListItem\",\"position\":1,\"name\":\"Anasayfa\",\"item\":\"https:\/\/onurceliktas.av.tr\/en\/home\/\"},{\"@type\":\"ListItem\",\"position\":2,\"name\":\"Contact\"}]},{\"@type\":\"WebSite\",\"@id\":\"https:\/\/onurceliktas.av.tr\/#website\",\"url\":\"https:\/\/onurceliktas.av.tr\/\",\"name\":\"A&C Hukuk - Dan\u0131\u015fmanl\u0131k\",\"description\":\"\",\"publisher\":{\"@id\":\"https:\/\/onurceliktas.av.tr\/#organization\"},\"potentialAction\":[{\"@type\":\"SearchAction\",\"target\":{\"@type\":\"EntryPoint\",\"urlTemplate\":\"https:\/\/onurceliktas.av.tr\/?s={search_term_string}\"},\"query-input\":\"required name=search_term_string\"}],\"inLanguage\":\"en-US\"},{\"@type\":\"Organization\",\"@id\":\"https:\/\/onurceliktas.av.tr\/#organization\",\"name\":\"A&C Hukuk - Dan\u0131\u015fmanl\u0131k\",\"url\":\"https:\/\/onurceliktas.av.tr\/\",\"logo\":{\"@type\":\"ImageObject\",\"inLanguage\":\"en-US\",\"@id\":\"https:\/\/onurceliktas.av.tr\/#\/schema\/logo\/image\/\",\"url\":\"https:\/\/onurceliktas.av.tr\/wp-content\/uploads\/2023\/03\/Asset-2.png\",\"contentUrl\":\"https:\/\/onurceliktas.av.tr\/wp-content\/uploads\/2023\/03\/Asset-2.png\",\"width\":300,\"height\":204,\"caption\":\"A&C Hukuk - Dan\u0131\u015fmanl\u0131k\"},\"image\":{\"@id\":\"https:\/\/onurceliktas.av.tr\/#\/schema\/logo\/image\/\"}}]}<\/script>\n<!-- \/ Yoast SEO plugin. -->","yoast_head_json":{"title":"Contact - A&amp;C Law - Consulting","robots":{"index":"index","follow":"follow","max-snippet":"max-snippet:-1","max-image-preview":"max-image-preview:large","max-video-preview":"max-video-preview:-1"},"canonical":"https:\/\/onurceliktas.av.tr\/en\/contact\/","og_locale":"en_US","og_type":"article","og_title":"Contact - A&amp;C Law - Consulting","og_description":"Contact Contact us If you want to work with us, you can contact us. Bahcelievler Mah. Martyr Yasar Erol Akansel Sk. No:13\/B K:2 Bah\u00e7elievler \/ ISTANBUL +90 (533) 203 07 29 onurceliktas@istanbul.av.tr 8:00 &#8211; 18:00","og_url":"https:\/\/onurceliktas.av.tr\/en\/contact\/","og_site_name":"A&amp;C Law - Consulting","article_modified_time":"2023-04-06T11:34:12+00:00","twitter_card":"summary_large_image","schema":{"@context":"https:\/\/schema.org","@graph":[{"@type":"WebPage","@id":"https:\/\/onurceliktas.av.tr\/en\/contact\/","url":"https:\/\/onurceliktas.av.tr\/en\/contact\/","name":"Contact - A&amp;C Law - Consulting","isPartOf":{"@id":"https:\/\/onurceliktas.av.tr\/#website"},"datePublished":"2021-03-09T07:02:59+00:00","dateModified":"2023-04-06T11:34:12+00:00","breadcrumb":{"@id":"https:\/\/onurceliktas.av.tr\/en\/contact\/#breadcrumb"},"inLanguage":"en-US","potentialAction":[{"@type":"ReadAction","target":["https:\/\/onurceliktas.av.tr\/en\/contact\/"]}]},{"@type":"BreadcrumbList","@id":"https:\/\/onurceliktas.av.tr\/en\/contact\/#breadcrumb","itemListElement":[{"@type":"ListItem","position":1,"name":"Anasayfa","item":"https:\/\/onurceliktas.av.tr\/en\/home\/"},{"@type":"ListItem","position":2,"name":"Contact"}]},{"@type":"WebSite","@id":"https:\/\/onurceliktas.av.tr\/#website","url":"https:\/\/onurceliktas.av.tr\/","name":"A&C Hukuk - Dan\u0131\u015fmanl\u0131k","description":"","publisher":{"@id":"https:\/\/onurceliktas.av.tr\/#organization"},"potentialAction":[{"@type":"SearchAction","target":{"@type":"EntryPoint","urlTemplate":"https:\/\/onurceliktas.av.tr\/?s={search_term_string}"},"query-input":"required name=search_term_string"}],"inLanguage":"en-US"},{"@type":"Organization","@id":"https:\/\/onurceliktas.av.tr\/#organization","name":"A&C Hukuk - Dan\u0131\u015fmanl\u0131k","url":"https:\/\/onurceliktas.av.tr\/","logo":{"@type":"ImageObject","inLanguage":"en-US","@id":"https:\/\/onurceliktas.av.tr\/#\/schema\/logo\/image\/","url":"https:\/\/onurceliktas.av.tr\/wp-content\/uploads\/2023\/03\/Asset-2.png","contentUrl":"https:\/\/onurceliktas.av.tr\/wp-content\/uploads\/2023\/03\/Asset-2.png","width":300,"height":204,"caption":"A&C Hukuk - Dan\u0131\u015fmanl\u0131k"},"image":{"@id":"https:\/\/onurceliktas.av.tr\/#\/schema\/logo\/image\/"}}]}},"_links":{"self":[{"href":"https:\/\/onurceliktas.av.tr\/en\/wp-json\/wp\/v2\/pages\/2217"}],"collection":[{"href":"https:\/\/onurceliktas.av.tr\/en\/wp-json\/wp\/v2\/pages"}],"about":[{"href":"https:\/\/onurceliktas.av.tr\/en\/wp-json\/wp\/v2\/types\/page"}],"author":[{"embeddable":true,"href":"https:\/\/onurceliktas.av.tr\/en\/wp-json\/wp\/v2\/users\/1"}],"replies":[{"embeddable":true,"href":"https:\/\/onurceliktas.av.tr\/en\/wp-json\/wp\/v2\/comments?post=2217"}],"version-history":[{"count":1,"href":"https:\/\/onurceliktas.av.tr\/en\/wp-json\/wp\/v2\/pages\/2217\/revisions"}],"predecessor-version":[{"id":2220,"href":"https:\/\/onurceliktas.av.tr\/en\/wp-json\/wp\/v2\/pages\/2217\/revisions\/2220"}],"wp:attachment":[{"href":"https:\/\/onurceliktas.av.tr\/en\/wp-json\/wp\/v2\/media?parent=2217"}],"curies":[{"name":"wp","href":"https:\/\/api.w.org\/{rel}","templated":true}]}}