{"id":2201,"date":"2021-03-08T09:01:41","date_gmt":"2021-03-08T06:01:41","guid":{"rendered":"https:\/\/ac.umutore.com\/about-us\/"},"modified":"2023-04-06T14:34:59","modified_gmt":"2023-04-06T11:34:59","slug":"about-us","status":"publish","type":"page","link":"https:\/\/onurceliktas.av.tr\/en\/about-us\/","title":{"rendered":"About Us"},"content":{"rendered":"\t\t<div data-elementor-type=\"wp-page\" data-elementor-id=\"2201\" class=\"elementor elementor-2201 elementor-393\">\n\t\t\t\t\t\t<section class=\"elementor-section elementor-top-section elementor-element elementor-element-93488aa elementor-section-boxed elementor-section-height-default elementor-section-height-default\" data-id=\"93488aa\" data-element_type=\"section\" data-settings=\"{&quot;background_background&quot;:&quot;classic&quot;}\">\n\t\t\t\t\t\t<div class=\"elementor-container elementor-column-gap-no\">\n\t\t\t\t\t<div class=\"elementor-column elementor-col-100 elementor-top-column elementor-element elementor-element-0c95332\" data-id=\"0c95332\" data-element_type=\"column\">\n\t\t\t<div class=\"elementor-widget-wrap elementor-element-populated\">\n\t\t\t\t\t\t<div class=\"elementor-element elementor-element-d82acff elementor-widget elementor-widget-heading\" data-id=\"d82acff\" data-element_type=\"widget\" data-widget_type=\"heading.default\">\n\t\t\t\t<div class=\"elementor-widget-container\">\n\t\t\t<style>\/*! elementor - v3.22.0 - 26-06-2024 *\/\n.elementor-heading-title{padding:0;margin:0;line-height:1}.elementor-widget-heading .elementor-heading-title[class*=elementor-size-]>a{color:inherit;font-size:inherit;line-height:inherit}.elementor-widget-heading .elementor-heading-title.elementor-size-small{font-size:15px}.elementor-widget-heading .elementor-heading-title.elementor-size-medium{font-size:19px}.elementor-widget-heading .elementor-heading-title.elementor-size-large{font-size:29px}.elementor-widget-heading .elementor-heading-title.elementor-size-xl{font-size:39px}.elementor-widget-heading .elementor-heading-title.elementor-size-xxl{font-size:59px}<\/style><h1 class=\"elementor-heading-title elementor-size-xl\">About Us<\/h1>\t\t<\/div>\n\t\t\t\t<\/div>\n\t\t\t\t\t<\/div>\n\t\t<\/div>\n\t\t\t\t\t<\/div>\n\t\t<\/section>\n\t\t\t\t<section class=\"elementor-section elementor-top-section elementor-element elementor-element-fd73e8b elementor-section-boxed elementor-section-height-default elementor-section-height-default\" data-id=\"fd73e8b\" data-element_type=\"section\" data-settings=\"{&quot;background_background&quot;:&quot;classic&quot;}\">\n\t\t\t\t\t\t<div class=\"elementor-container elementor-column-gap-no\">\n\t\t\t\t\t<div class=\"elementor-column elementor-col-100 elementor-top-column elementor-element elementor-element-bec96b1\" data-id=\"bec96b1\" data-element_type=\"column\">\n\t\t\t<div class=\"elementor-widget-wrap elementor-element-populated\">\n\t\t\t\t\t\t<section class=\"elementor-section elementor-inner-section elementor-element elementor-element-21a252f elementor-section-boxed elementor-section-height-default elementor-section-height-default\" data-id=\"21a252f\" data-element_type=\"section\">\n\t\t\t\t\t\t<div class=\"elementor-container elementor-column-gap-no\">\n\t\t\t\t\t<div class=\"elementor-column elementor-col-33 elementor-inner-column elementor-element elementor-element-5f0f87a\" data-id=\"5f0f87a\" data-element_type=\"column\">\n\t\t\t<div class=\"elementor-widget-wrap elementor-element-populated\">\n\t\t\t\t\t\t<div class=\"elementor-element elementor-element-84f212b elementor-view-default elementor-widget elementor-widget-icon\" data-id=\"84f212b\" data-element_type=\"widget\" data-widget_type=\"icon.default\">\n\t\t\t\t<div class=\"elementor-widget-container\">\n\t\t\t\t\t<div class=\"elementor-icon-wrapper\">\n\t\t\t<div class=\"elementor-icon\">\n\t\t\t<i aria-hidden=\"true\" class=\"fas fa-archway\"><\/i>\t\t\t<\/div>\n\t\t<\/div>\n\t\t\t\t<\/div>\n\t\t\t\t<\/div>\n\t\t\t\t\t<\/div>\n\t\t<\/div>\n\t\t\t\t<div class=\"elementor-column elementor-col-66 elementor-inner-column elementor-element elementor-element-7900ea0\" data-id=\"7900ea0\" data-element_type=\"column\">\n\t\t\t<div class=\"elementor-widget-wrap elementor-element-populated\">\n\t\t\t\t\t\t<div class=\"elementor-element elementor-element-d57e848 elementor-widget elementor-widget-heading\" data-id=\"d57e848\" data-element_type=\"widget\" data-widget_type=\"heading.default\">\n\t\t\t\t<div class=\"elementor-widget-container\">\n\t\t\t<h2 class=\"elementor-heading-title elementor-size-default\">We have been at your service since 2018.<\/h2>\t\t<\/div>\n\t\t\t\t<\/div>\n\t\t\t\t<div class=\"elementor-element elementor-element-ea7d24d elementor-widget elementor-widget-text-editor\" data-id=\"ea7d24d\" data-element_type=\"widget\" data-widget_type=\"text-editor.default\">\n\t\t\t\t<div class=\"elementor-widget-container\">\n\t\t\t<style>\/*! elementor - v3.22.0 - 26-06-2024 *\/\n.elementor-widget-text-editor.elementor-drop-cap-view-stacked .elementor-drop-cap{background-color:#69727d;color:#fff}.elementor-widget-text-editor.elementor-drop-cap-view-framed .elementor-drop-cap{color:#69727d;border:3px solid;background-color:transparent}.elementor-widget-text-editor:not(.elementor-drop-cap-view-default) .elementor-drop-cap{margin-top:8px}.elementor-widget-text-editor:not(.elementor-drop-cap-view-default) .elementor-drop-cap-letter{width:1em;height:1em}.elementor-widget-text-editor .elementor-drop-cap{float:left;text-align:center;line-height:1;font-size:50px}.elementor-widget-text-editor .elementor-drop-cap-letter{display:inline-block}<\/style>\t\t\t\t<p>Since 2018, A&amp;C Law and Consultancy, which has been serving with its expert staff in its field, stands out with its preventive legal services as well as managing and monitoring the legal processes of its clients. In other words, potential risks and consequences are analyzed with clients before a legal dispute arises, and as a result of these analyses, measures are taken against the legal dispute before it occurs. In this context, company consultancies are particularly prominent.  <\/p>\n\t\t\t\t\t\t<\/div>\n\t\t\t\t<\/div>\n\t\t\t\t\t<\/div>\n\t\t<\/div>\n\t\t\t\t\t<\/div>\n\t\t<\/section>\n\t\t\t\t\t<\/div>\n\t\t<\/div>\n\t\t\t\t\t<\/div>\n\t\t<\/section>\n\t\t\t\t<\/div>\n\t\t","protected":false},"excerpt":{"rendered":"<p>About Us We have been at your service since 2018. Since 2018, A&amp;C Law and Consultancy, which has been serving with its expert staff in its field, stands out with its preventive legal services as well as managing and monitoring the legal processes of its clients. In other words, potential risks and consequences are analyzed &hellip;<\/p>\n<p class=\"read-more\"> <a class=\"\" href=\"https:\/\/onurceliktas.av.tr\/en\/about-us\/\"> <span class=\"screen-reader-text\">About Us<\/span> Read More &raquo;<\/a><\/p>\n","protected":false},"author":1,"featured_media":0,"parent":0,"menu_order":0,"comment_status":"closed","ping_status":"closed","template":"","meta":{"site-sidebar-layout":"no-sidebar","site-content-layout":"page-builder","ast-global-header-display":"","ast-main-header-display":"","ast-hfb-above-header-display":"","ast-hfb-below-header-display":"","ast-hfb-mobile-header-display":"","site-post-title":"disabled","ast-breadcrumbs-content":"disabled","ast-featured-img":"disabled","footer-sml-layout":"","theme-transparent-header-meta":"enabled","adv-header-id-meta":"","stick-header-meta":"","header-above-stick-meta":"","header-main-stick-meta":"","header-below-stick-meta":"","footnotes":""},"yoast_head":"<!-- This site is optimized with the Yoast SEO plugin v20.5 - https:\/\/yoast.com\/wordpress\/plugins\/seo\/ -->\n<title>About Us - A&amp;C Law - Consulting<\/title>\n<meta name=\"robots\" content=\"index, follow, max-snippet:-1, max-image-preview:large, max-video-preview:-1\" \/>\n<link rel=\"canonical\" href=\"https:\/\/onurceliktas.av.tr\/en\/about-us\/\" \/>\n<meta property=\"og:locale\" content=\"en_US\" \/>\n<meta property=\"og:type\" content=\"article\" \/>\n<meta property=\"og:title\" content=\"About Us - A&amp;C Law - Consulting\" \/>\n<meta property=\"og:description\" content=\"About Us We have been at your service since 2018. Since 2018, A&amp;C Law and Consultancy, which has been serving with its expert staff in its field, stands out with its preventive legal services as well as managing and monitoring the legal processes of its clients. In other words, potential risks and consequences are analyzed &hellip; About Us Read More &raquo;\" \/>\n<meta property=\"og:url\" content=\"https:\/\/onurceliktas.av.tr\/en\/about-us\/\" \/>\n<meta property=\"og:site_name\" content=\"A&amp;C Law - Consulting\" \/>\n<meta property=\"article:modified_time\" content=\"2023-04-06T11:34:59+00:00\" \/>\n<meta name=\"twitter:card\" content=\"summary_large_image\" \/>\n<script type=\"application\/ld+json\" class=\"yoast-schema-graph\">{\"@context\":\"https:\/\/schema.org\",\"@graph\":[{\"@type\":\"WebPage\",\"@id\":\"https:\/\/onurceliktas.av.tr\/en\/about-us\/\",\"url\":\"https:\/\/onurceliktas.av.tr\/en\/about-us\/\",\"name\":\"About Us - A&amp;C Law - Consulting\",\"isPartOf\":{\"@id\":\"https:\/\/onurceliktas.av.tr\/#website\"},\"datePublished\":\"2021-03-08T06:01:41+00:00\",\"dateModified\":\"2023-04-06T11:34:59+00:00\",\"breadcrumb\":{\"@id\":\"https:\/\/onurceliktas.av.tr\/en\/about-us\/#breadcrumb\"},\"inLanguage\":\"en-US\",\"potentialAction\":[{\"@type\":\"ReadAction\",\"target\":[\"https:\/\/onurceliktas.av.tr\/en\/about-us\/\"]}]},{\"@type\":\"BreadcrumbList\",\"@id\":\"https:\/\/onurceliktas.av.tr\/en\/about-us\/#breadcrumb\",\"itemListElement\":[{\"@type\":\"ListItem\",\"position\":1,\"name\":\"Anasayfa\",\"item\":\"https:\/\/onurceliktas.av.tr\/en\/home\/\"},{\"@type\":\"ListItem\",\"position\":2,\"name\":\"About Us\"}]},{\"@type\":\"WebSite\",\"@id\":\"https:\/\/onurceliktas.av.tr\/#website\",\"url\":\"https:\/\/onurceliktas.av.tr\/\",\"name\":\"A&C Hukuk - Dan\u0131\u015fmanl\u0131k\",\"description\":\"\",\"publisher\":{\"@id\":\"https:\/\/onurceliktas.av.tr\/#organization\"},\"potentialAction\":[{\"@type\":\"SearchAction\",\"target\":{\"@type\":\"EntryPoint\",\"urlTemplate\":\"https:\/\/onurceliktas.av.tr\/?s={search_term_string}\"},\"query-input\":\"required name=search_term_string\"}],\"inLanguage\":\"en-US\"},{\"@type\":\"Organization\",\"@id\":\"https:\/\/onurceliktas.av.tr\/#organization\",\"name\":\"A&C Hukuk - Dan\u0131\u015fmanl\u0131k\",\"url\":\"https:\/\/onurceliktas.av.tr\/\",\"logo\":{\"@type\":\"ImageObject\",\"inLanguage\":\"en-US\",\"@id\":\"https:\/\/onurceliktas.av.tr\/#\/schema\/logo\/image\/\",\"url\":\"https:\/\/onurceliktas.av.tr\/wp-content\/uploads\/2023\/03\/Asset-2.png\",\"contentUrl\":\"https:\/\/onurceliktas.av.tr\/wp-content\/uploads\/2023\/03\/Asset-2.png\",\"width\":300,\"height\":204,\"caption\":\"A&C Hukuk - Dan\u0131\u015fmanl\u0131k\"},\"image\":{\"@id\":\"https:\/\/onurceliktas.av.tr\/#\/schema\/logo\/image\/\"}}]}<\/script>\n<!-- \/ Yoast SEO plugin. -->","yoast_head_json":{"title":"About Us - A&amp;C Law - Consulting","robots":{"index":"index","follow":"follow","max-snippet":"max-snippet:-1","max-image-preview":"max-image-preview:large","max-video-preview":"max-video-preview:-1"},"canonical":"https:\/\/onurceliktas.av.tr\/en\/about-us\/","og_locale":"en_US","og_type":"article","og_title":"About Us - A&amp;C Law - Consulting","og_description":"About Us We have been at your service since 2018. Since 2018, A&amp;C Law and Consultancy, which has been serving with its expert staff in its field, stands out with its preventive legal services as well as managing and monitoring the legal processes of its clients. In other words, potential risks and consequences are analyzed &hellip; About Us Read More &raquo;","og_url":"https:\/\/onurceliktas.av.tr\/en\/about-us\/","og_site_name":"A&amp;C Law - Consulting","article_modified_time":"2023-04-06T11:34:59+00:00","twitter_card":"summary_large_image","schema":{"@context":"https:\/\/schema.org","@graph":[{"@type":"WebPage","@id":"https:\/\/onurceliktas.av.tr\/en\/about-us\/","url":"https:\/\/onurceliktas.av.tr\/en\/about-us\/","name":"About Us - A&amp;C Law - Consulting","isPartOf":{"@id":"https:\/\/onurceliktas.av.tr\/#website"},"datePublished":"2021-03-08T06:01:41+00:00","dateModified":"2023-04-06T11:34:59+00:00","breadcrumb":{"@id":"https:\/\/onurceliktas.av.tr\/en\/about-us\/#breadcrumb"},"inLanguage":"en-US","potentialAction":[{"@type":"ReadAction","target":["https:\/\/onurceliktas.av.tr\/en\/about-us\/"]}]},{"@type":"BreadcrumbList","@id":"https:\/\/onurceliktas.av.tr\/en\/about-us\/#breadcrumb","itemListElement":[{"@type":"ListItem","position":1,"name":"Anasayfa","item":"https:\/\/onurceliktas.av.tr\/en\/home\/"},{"@type":"ListItem","position":2,"name":"About Us"}]},{"@type":"WebSite","@id":"https:\/\/onurceliktas.av.tr\/#website","url":"https:\/\/onurceliktas.av.tr\/","name":"A&C Hukuk - Dan\u0131\u015fmanl\u0131k","description":"","publisher":{"@id":"https:\/\/onurceliktas.av.tr\/#organization"},"potentialAction":[{"@type":"SearchAction","target":{"@type":"EntryPoint","urlTemplate":"https:\/\/onurceliktas.av.tr\/?s={search_term_string}"},"query-input":"required name=search_term_string"}],"inLanguage":"en-US"},{"@type":"Organization","@id":"https:\/\/onurceliktas.av.tr\/#organization","name":"A&C Hukuk - Dan\u0131\u015fmanl\u0131k","url":"https:\/\/onurceliktas.av.tr\/","logo":{"@type":"ImageObject","inLanguage":"en-US","@id":"https:\/\/onurceliktas.av.tr\/#\/schema\/logo\/image\/","url":"https:\/\/onurceliktas.av.tr\/wp-content\/uploads\/2023\/03\/Asset-2.png","contentUrl":"https:\/\/onurceliktas.av.tr\/wp-content\/uploads\/2023\/03\/Asset-2.png","width":300,"height":204,"caption":"A&C Hukuk - Dan\u0131\u015fmanl\u0131k"},"image":{"@id":"https:\/\/onurceliktas.av.tr\/#\/schema\/logo\/image\/"}}]}},"_links":{"self":[{"href":"https:\/\/onurceliktas.av.tr\/en\/wp-json\/wp\/v2\/pages\/2201"}],"collection":[{"href":"https:\/\/onurceliktas.av.tr\/en\/wp-json\/wp\/v2\/pages"}],"about":[{"href":"https:\/\/onurceliktas.av.tr\/en\/wp-json\/wp\/v2\/types\/page"}],"author":[{"embeddable":true,"href":"https:\/\/onurceliktas.av.tr\/en\/wp-json\/wp\/v2\/users\/1"}],"replies":[{"embeddable":true,"href":"https:\/\/onurceliktas.av.tr\/en\/wp-json\/wp\/v2\/comments?post=2201"}],"version-history":[{"count":1,"href":"https:\/\/onurceliktas.av.tr\/en\/wp-json\/wp\/v2\/pages\/2201\/revisions"}],"predecessor-version":[{"id":2206,"href":"https:\/\/onurceliktas.av.tr\/en\/wp-json\/wp\/v2\/pages\/2201\/revisions\/2206"}],"wp:attachment":[{"href":"https:\/\/onurceliktas.av.tr\/en\/wp-json\/wp\/v2\/media?parent=2201"}],"curies":[{"name":"wp","href":"https:\/\/api.w.org\/{rel}","templated":true}]}}