{"id":2193,"date":"2021-03-08T10:07:17","date_gmt":"2021-03-08T07:07:17","guid":{"rendered":"https:\/\/ac.umutore.com\/our-team\/"},"modified":"2023-04-06T14:35:41","modified_gmt":"2023-04-06T11:35:41","slug":"our-team","status":"publish","type":"page","link":"https:\/\/onurceliktas.av.tr\/en\/our-team\/","title":{"rendered":"Our Team"},"content":{"rendered":"\t\t<div data-elementor-type=\"wp-page\" data-elementor-id=\"2193\" class=\"elementor elementor-2193 elementor-517\">\n\t\t\t\t\t\t<section class=\"elementor-section elementor-top-section elementor-element elementor-element-36bd9e7b elementor-section-boxed elementor-section-height-default elementor-section-height-default\" data-id=\"36bd9e7b\" data-element_type=\"section\" data-settings=\"{&quot;background_background&quot;:&quot;classic&quot;}\">\n\t\t\t\t\t\t<div class=\"elementor-container elementor-column-gap-no\">\n\t\t\t\t\t<div class=\"elementor-column elementor-col-100 elementor-top-column elementor-element elementor-element-689e7e37\" data-id=\"689e7e37\" data-element_type=\"column\">\n\t\t\t<div class=\"elementor-widget-wrap elementor-element-populated\">\n\t\t\t\t\t\t<div class=\"elementor-element elementor-element-37d7772a elementor-widget elementor-widget-heading\" data-id=\"37d7772a\" data-element_type=\"widget\" data-widget_type=\"heading.default\">\n\t\t\t\t<div class=\"elementor-widget-container\">\n\t\t\t<style>\/*! elementor - v3.22.0 - 26-06-2024 *\/\n.elementor-heading-title{padding:0;margin:0;line-height:1}.elementor-widget-heading .elementor-heading-title[class*=elementor-size-]>a{color:inherit;font-size:inherit;line-height:inherit}.elementor-widget-heading .elementor-heading-title.elementor-size-small{font-size:15px}.elementor-widget-heading .elementor-heading-title.elementor-size-medium{font-size:19px}.elementor-widget-heading .elementor-heading-title.elementor-size-large{font-size:29px}.elementor-widget-heading .elementor-heading-title.elementor-size-xl{font-size:39px}.elementor-widget-heading .elementor-heading-title.elementor-size-xxl{font-size:59px}<\/style><h1 class=\"elementor-heading-title elementor-size-xl\">Meet Our Team<\/h1>\t\t<\/div>\n\t\t\t\t<\/div>\n\t\t\t\t\t<\/div>\n\t\t<\/div>\n\t\t\t\t\t<\/div>\n\t\t<\/section>\n\t\t\t\t<section class=\"elementor-section elementor-top-section elementor-element elementor-element-n8c1a6j elementor-section-boxed elementor-section-height-default elementor-section-height-default\" data-id=\"n8c1a6j\" data-element_type=\"section\">\n\t\t\t\t\t\t<div class=\"elementor-container elementor-column-gap-default\">\n\t\t\t\t\t<div class=\"elementor-column elementor-col-100 elementor-top-column elementor-element elementor-element-f149e63\" data-id=\"f149e63\" data-element_type=\"column\">\n\t\t\t<div class=\"elementor-widget-wrap elementor-element-populated\">\n\t\t\t\t\t\t<section class=\"elementor-section elementor-inner-section elementor-element elementor-element-7a77821 elementor-section-content-bottom elementor-section-boxed elementor-section-height-default elementor-section-height-default\" data-id=\"7a77821\" data-element_type=\"section\">\n\t\t\t\t\t\t<div class=\"elementor-container elementor-column-gap-wider\">\n\t\t\t\t\t<div class=\"elementor-column elementor-col-33 elementor-inner-column elementor-element elementor-element-9647c03\" data-id=\"9647c03\" data-element_type=\"column\">\n\t\t\t<div class=\"elementor-widget-wrap elementor-element-populated\">\n\t\t\t\t\t\t<div class=\"elementor-element elementor-element-545cf61 elementor-widget elementor-widget-image\" data-id=\"545cf61\" data-element_type=\"widget\" data-widget_type=\"image.default\">\n\t\t\t\t<div class=\"elementor-widget-container\">\n\t\t\t<style>\/*! elementor - v3.22.0 - 26-06-2024 *\/\n.elementor-widget-image{text-align:center}.elementor-widget-image a{display:inline-block}.elementor-widget-image a img[src$=\".svg\"]{width:48px}.elementor-widget-image img{vertical-align:middle;display:inline-block}<\/style>\t\t\t\t\t\t\t\t\t\t<img fetchpriority=\"high\" decoding=\"async\" width=\"2447\" height=\"2560\" src=\"https:\/\/onurceliktas.av.tr\/wp-content\/uploads\/2023\/04\/Onur_1_2_-scaled.jpg\" class=\"attachment-full size-full wp-image-1963\" alt=\"\" srcset=\"https:\/\/onurceliktas.av.tr\/wp-content\/uploads\/2023\/04\/Onur_1_2_-scaled.jpg 2447w, https:\/\/onurceliktas.av.tr\/wp-content\/uploads\/2023\/04\/Onur_1_2_-287x300.jpg 287w, https:\/\/onurceliktas.av.tr\/wp-content\/uploads\/2023\/04\/Onur_1_2_-979x1024.jpg 979w, https:\/\/onurceliktas.av.tr\/wp-content\/uploads\/2023\/04\/Onur_1_2_-768x803.jpg 768w, https:\/\/onurceliktas.av.tr\/wp-content\/uploads\/2023\/04\/Onur_1_2_-1468x1536.jpg 1468w, https:\/\/onurceliktas.av.tr\/wp-content\/uploads\/2023\/04\/Onur_1_2_-1958x2048.jpg 1958w\" sizes=\"(max-width: 2447px) 100vw, 2447px\" \/>\t\t\t\t\t\t\t\t\t\t\t\t\t<\/div>\n\t\t\t\t<\/div>\n\t\t\t\t\t<\/div>\n\t\t<\/div>\n\t\t\t\t<div class=\"elementor-column elementor-col-66 elementor-inner-column elementor-element elementor-element-d298567\" data-id=\"d298567\" data-element_type=\"column\">\n\t\t\t<div class=\"elementor-widget-wrap elementor-element-populated\">\n\t\t\t\t\t\t<div class=\"elementor-element elementor-element-3ed513e elementor-widget elementor-widget-heading\" data-id=\"3ed513e\" data-element_type=\"widget\" data-widget_type=\"heading.default\">\n\t\t\t\t<div class=\"elementor-widget-container\">\n\t\t\t<div class=\"elementor-heading-title elementor-size-small\">  Founding Lawyer<\/div>\t\t<\/div>\n\t\t\t\t<\/div>\n\t\t\t\t<div class=\"elementor-element elementor-element-67bd790 elementor-vertical-align-top elementor-widget elementor-widget-image-box\" data-id=\"67bd790\" data-element_type=\"widget\" data-widget_type=\"image-box.default\">\n\t\t\t\t<div class=\"elementor-widget-container\">\n\t\t\t<style>\/*! elementor - v3.22.0 - 26-06-2024 *\/\n.elementor-widget-image-box .elementor-image-box-content{width:100%}@media (min-width:768px){.elementor-widget-image-box.elementor-position-left .elementor-image-box-wrapper,.elementor-widget-image-box.elementor-position-right .elementor-image-box-wrapper{display:flex}.elementor-widget-image-box.elementor-position-right .elementor-image-box-wrapper{text-align:end;flex-direction:row-reverse}.elementor-widget-image-box.elementor-position-left .elementor-image-box-wrapper{text-align:start;flex-direction:row}.elementor-widget-image-box.elementor-position-top .elementor-image-box-img{margin:auto}.elementor-widget-image-box.elementor-vertical-align-top .elementor-image-box-wrapper{align-items:flex-start}.elementor-widget-image-box.elementor-vertical-align-middle .elementor-image-box-wrapper{align-items:center}.elementor-widget-image-box.elementor-vertical-align-bottom .elementor-image-box-wrapper{align-items:flex-end}}@media (max-width:767px){.elementor-widget-image-box .elementor-image-box-img{margin-left:auto!important;margin-right:auto!important;margin-bottom:15px}}.elementor-widget-image-box .elementor-image-box-img{display:inline-block}.elementor-widget-image-box .elementor-image-box-title a{color:inherit}.elementor-widget-image-box .elementor-image-box-wrapper{text-align:center}.elementor-widget-image-box .elementor-image-box-description{margin:0}<\/style><div class=\"elementor-image-box-wrapper\"><div class=\"elementor-image-box-content\"><h3 class=\"elementor-image-box-title\">Av. Onur \u00c7EL\u0130KTA\u015e<\/h3><p class=\"elementor-image-box-description\">Av. Onur \u00c7EL\u0130KTA\u015e was born in 1990 in G\u00fcd\u00fcl\/ANKARA. In 2008, she started her undergraduate education at Istanbul University Faculty of Law and graduated in 2014. After 1 year of legal internship, he obtained his license in December 2015 and became a member of Av. He started working for Erdo\u011fan SORUKLU. In 2018, he continues his legal activities in his own office under the name of A&amp;C LAW AND CONSULTANCY. She provides legal consultancy services to many companies operating in different fields, especially to companies operating in the Building Materials sector. He is married and has 1 daughter.<\/p><\/div><\/div>\t\t<\/div>\n\t\t\t\t<\/div>\n\t\t\t\t\t<\/div>\n\t\t<\/div>\n\t\t\t\t\t<\/div>\n\t\t<\/section>\n\t\t\t\t<section class=\"elementor-section elementor-inner-section elementor-element elementor-element-dd04b06 elementor-section-content-top elementor-reverse-mobile elementor-section-boxed elementor-section-height-default elementor-section-height-default\" data-id=\"dd04b06\" data-element_type=\"section\">\n\t\t\t\t\t\t<div class=\"elementor-container elementor-column-gap-wider\">\n\t\t\t\t\t<div class=\"elementor-column elementor-col-66 elementor-inner-column elementor-element elementor-element-f72a500\" data-id=\"f72a500\" data-element_type=\"column\">\n\t\t\t<div class=\"elementor-widget-wrap elementor-element-populated\">\n\t\t\t\t\t\t<div class=\"elementor-element elementor-element-3eea36f elementor-vertical-align-top elementor-widget elementor-widget-image-box\" data-id=\"3eea36f\" data-element_type=\"widget\" data-widget_type=\"image-box.default\">\n\t\t\t\t<div class=\"elementor-widget-container\">\n\t\t\t<div class=\"elementor-image-box-wrapper\"><div class=\"elementor-image-box-content\"><h3 class=\"elementor-image-box-title\">Av. Ersin SA\u011eLAM<\/h3><p class=\"elementor-image-box-description\">Av. Ersin SA\u011eLAM was born in B\u00fcy\u00fck\u00e7ekmece\/ISTANBUL, graduated from Sel\u00e7uk University Faculty of Law in 2021 and started his legal internship at A&amp;C LAW AND CONSULTANCY. At the end of his legal internship, he obtained his lawyer's license in November 2022 and continues to provide active legal services within A&amp;C LAW AND CONSULTANCY. Ersin SA\u011eLAM also plays tennis professionally.<\/p><\/div><\/div>\t\t<\/div>\n\t\t\t\t<\/div>\n\t\t\t\t\t<\/div>\n\t\t<\/div>\n\t\t\t\t<div class=\"elementor-column elementor-col-33 elementor-inner-column elementor-element elementor-element-1610fd6\" data-id=\"1610fd6\" data-element_type=\"column\">\n\t\t\t<div class=\"elementor-widget-wrap elementor-element-populated\">\n\t\t\t\t\t\t<div class=\"elementor-element elementor-element-e3aa045 elementor-widget elementor-widget-image\" data-id=\"e3aa045\" data-element_type=\"widget\" data-widget_type=\"image.default\">\n\t\t\t\t<div class=\"elementor-widget-container\">\n\t\t\t\t\t\t\t\t\t\t\t\t\t<img decoding=\"async\" width=\"2323\" height=\"2560\" src=\"https:\/\/onurceliktas.av.tr\/wp-content\/uploads\/2023\/04\/ersn-scaled.jpg\" class=\"attachment-full size-full wp-image-1967\" alt=\"\" srcset=\"https:\/\/onurceliktas.av.tr\/wp-content\/uploads\/2023\/04\/ersn-scaled.jpg 2323w, https:\/\/onurceliktas.av.tr\/wp-content\/uploads\/2023\/04\/ersn-272x300.jpg 272w, https:\/\/onurceliktas.av.tr\/wp-content\/uploads\/2023\/04\/ersn-929x1024.jpg 929w, https:\/\/onurceliktas.av.tr\/wp-content\/uploads\/2023\/04\/ersn-768x846.jpg 768w, https:\/\/onurceliktas.av.tr\/wp-content\/uploads\/2023\/04\/ersn-1394x1536.jpg 1394w, https:\/\/onurceliktas.av.tr\/wp-content\/uploads\/2023\/04\/ersn-1859x2048.jpg 1859w\" sizes=\"(max-width: 2323px) 100vw, 2323px\" \/>\t\t\t\t\t\t\t\t\t\t\t\t\t<\/div>\n\t\t\t\t<\/div>\n\t\t\t\t\t<\/div>\n\t\t<\/div>\n\t\t\t\t\t<\/div>\n\t\t<\/section>\n\t\t\t\t\t<\/div>\n\t\t<\/div>\n\t\t\t\t\t<\/div>\n\t\t<\/section>\n\t\t\t\t<\/div>\n\t\t","protected":false},"excerpt":{"rendered":"<p>Meet Our Team Founding Lawyer Av. Onur \u00c7EL\u0130KTA\u015e Av. Onur \u00c7EL\u0130KTA\u015e was born in 1990 in G\u00fcd\u00fcl\/ANKARA. In 2008, she started her undergraduate education at Istanbul University Faculty of Law and graduated in 2014. After 1 year of legal internship, he obtained his license in December 2015 and became a member of Av. He started &hellip;<\/p>\n<p class=\"read-more\"> <a class=\"\" href=\"https:\/\/onurceliktas.av.tr\/en\/our-team\/\"> <span class=\"screen-reader-text\">Our Team<\/span> Read More &raquo;<\/a><\/p>\n","protected":false},"author":1,"featured_media":0,"parent":0,"menu_order":0,"comment_status":"closed","ping_status":"closed","template":"","meta":{"site-sidebar-layout":"no-sidebar","site-content-layout":"page-builder","ast-global-header-display":"","ast-main-header-display":"","ast-hfb-above-header-display":"","ast-hfb-below-header-display":"","ast-hfb-mobile-header-display":"","site-post-title":"disabled","ast-breadcrumbs-content":"disabled","ast-featured-img":"disabled","footer-sml-layout":"","theme-transparent-header-meta":"enabled","adv-header-id-meta":"","stick-header-meta":"","header-above-stick-meta":"","header-main-stick-meta":"","header-below-stick-meta":"","footnotes":""},"yoast_head":"<!-- This site is optimized with the Yoast SEO plugin v20.5 - https:\/\/yoast.com\/wordpress\/plugins\/seo\/ -->\n<title>Our Team - A&amp;C Law - Consulting<\/title>\n<meta name=\"robots\" content=\"index, follow, max-snippet:-1, max-image-preview:large, max-video-preview:-1\" \/>\n<link rel=\"canonical\" href=\"https:\/\/onurceliktas.av.tr\/en\/our-team\/\" \/>\n<meta property=\"og:locale\" content=\"en_US\" \/>\n<meta property=\"og:type\" content=\"article\" \/>\n<meta property=\"og:title\" content=\"Our Team - A&amp;C Law - Consulting\" \/>\n<meta property=\"og:description\" content=\"Meet Our Team Founding Lawyer Av. Onur \u00c7EL\u0130KTA\u015e Av. Onur \u00c7EL\u0130KTA\u015e was born in 1990 in G\u00fcd\u00fcl\/ANKARA. In 2008, she started her undergraduate education at Istanbul University Faculty of Law and graduated in 2014. After 1 year of legal internship, he obtained his license in December 2015 and became a member of Av. He started &hellip; Our Team Read More &raquo;\" \/>\n<meta property=\"og:url\" content=\"https:\/\/onurceliktas.av.tr\/en\/our-team\/\" \/>\n<meta property=\"og:site_name\" content=\"A&amp;C Law - Consulting\" \/>\n<meta property=\"article:modified_time\" content=\"2023-04-06T11:35:41+00:00\" \/>\n<meta property=\"og:image\" content=\"https:\/\/onurceliktas.av.tr\/wp-content\/uploads\/2023\/04\/Onur_1_2_-scaled.jpg\" \/>\n<meta name=\"twitter:card\" content=\"summary_large_image\" \/>\n<meta name=\"twitter:label1\" content=\"Est. reading time\" \/>\n\t<meta name=\"twitter:data1\" content=\"1 minute\" \/>\n<script type=\"application\/ld+json\" class=\"yoast-schema-graph\">{\"@context\":\"https:\/\/schema.org\",\"@graph\":[{\"@type\":\"WebPage\",\"@id\":\"https:\/\/onurceliktas.av.tr\/en\/our-team\/\",\"url\":\"https:\/\/onurceliktas.av.tr\/en\/our-team\/\",\"name\":\"Our Team - A&amp;C Law - Consulting\",\"isPartOf\":{\"@id\":\"https:\/\/onurceliktas.av.tr\/#website\"},\"datePublished\":\"2021-03-08T07:07:17+00:00\",\"dateModified\":\"2023-04-06T11:35:41+00:00\",\"breadcrumb\":{\"@id\":\"https:\/\/onurceliktas.av.tr\/en\/our-team\/#breadcrumb\"},\"inLanguage\":\"en-US\",\"potentialAction\":[{\"@type\":\"ReadAction\",\"target\":[\"https:\/\/onurceliktas.av.tr\/en\/our-team\/\"]}]},{\"@type\":\"BreadcrumbList\",\"@id\":\"https:\/\/onurceliktas.av.tr\/en\/our-team\/#breadcrumb\",\"itemListElement\":[{\"@type\":\"ListItem\",\"position\":1,\"name\":\"Anasayfa\",\"item\":\"https:\/\/onurceliktas.av.tr\/en\/home\/\"},{\"@type\":\"ListItem\",\"position\":2,\"name\":\"Our Team\"}]},{\"@type\":\"WebSite\",\"@id\":\"https:\/\/onurceliktas.av.tr\/#website\",\"url\":\"https:\/\/onurceliktas.av.tr\/\",\"name\":\"A&C Hukuk - Dan\u0131\u015fmanl\u0131k\",\"description\":\"\",\"publisher\":{\"@id\":\"https:\/\/onurceliktas.av.tr\/#organization\"},\"potentialAction\":[{\"@type\":\"SearchAction\",\"target\":{\"@type\":\"EntryPoint\",\"urlTemplate\":\"https:\/\/onurceliktas.av.tr\/?s={search_term_string}\"},\"query-input\":\"required name=search_term_string\"}],\"inLanguage\":\"en-US\"},{\"@type\":\"Organization\",\"@id\":\"https:\/\/onurceliktas.av.tr\/#organization\",\"name\":\"A&C Hukuk - Dan\u0131\u015fmanl\u0131k\",\"url\":\"https:\/\/onurceliktas.av.tr\/\",\"logo\":{\"@type\":\"ImageObject\",\"inLanguage\":\"en-US\",\"@id\":\"https:\/\/onurceliktas.av.tr\/#\/schema\/logo\/image\/\",\"url\":\"https:\/\/onurceliktas.av.tr\/wp-content\/uploads\/2023\/03\/Asset-2.png\",\"contentUrl\":\"https:\/\/onurceliktas.av.tr\/wp-content\/uploads\/2023\/03\/Asset-2.png\",\"width\":300,\"height\":204,\"caption\":\"A&C Hukuk - Dan\u0131\u015fmanl\u0131k\"},\"image\":{\"@id\":\"https:\/\/onurceliktas.av.tr\/#\/schema\/logo\/image\/\"}}]}<\/script>\n<!-- \/ Yoast SEO plugin. -->","yoast_head_json":{"title":"Our Team - A&amp;C Law - Consulting","robots":{"index":"index","follow":"follow","max-snippet":"max-snippet:-1","max-image-preview":"max-image-preview:large","max-video-preview":"max-video-preview:-1"},"canonical":"https:\/\/onurceliktas.av.tr\/en\/our-team\/","og_locale":"en_US","og_type":"article","og_title":"Our Team - A&amp;C Law - Consulting","og_description":"Meet Our Team Founding Lawyer Av. Onur \u00c7EL\u0130KTA\u015e Av. Onur \u00c7EL\u0130KTA\u015e was born in 1990 in G\u00fcd\u00fcl\/ANKARA. In 2008, she started her undergraduate education at Istanbul University Faculty of Law and graduated in 2014. After 1 year of legal internship, he obtained his license in December 2015 and became a member of Av. He started &hellip; Our Team Read More &raquo;","og_url":"https:\/\/onurceliktas.av.tr\/en\/our-team\/","og_site_name":"A&amp;C Law - Consulting","article_modified_time":"2023-04-06T11:35:41+00:00","og_image":[{"url":"https:\/\/onurceliktas.av.tr\/wp-content\/uploads\/2023\/04\/Onur_1_2_-scaled.jpg"}],"twitter_card":"summary_large_image","twitter_misc":{"Est. reading time":"1 minute"},"schema":{"@context":"https:\/\/schema.org","@graph":[{"@type":"WebPage","@id":"https:\/\/onurceliktas.av.tr\/en\/our-team\/","url":"https:\/\/onurceliktas.av.tr\/en\/our-team\/","name":"Our Team - A&amp;C Law - Consulting","isPartOf":{"@id":"https:\/\/onurceliktas.av.tr\/#website"},"datePublished":"2021-03-08T07:07:17+00:00","dateModified":"2023-04-06T11:35:41+00:00","breadcrumb":{"@id":"https:\/\/onurceliktas.av.tr\/en\/our-team\/#breadcrumb"},"inLanguage":"en-US","potentialAction":[{"@type":"ReadAction","target":["https:\/\/onurceliktas.av.tr\/en\/our-team\/"]}]},{"@type":"BreadcrumbList","@id":"https:\/\/onurceliktas.av.tr\/en\/our-team\/#breadcrumb","itemListElement":[{"@type":"ListItem","position":1,"name":"Anasayfa","item":"https:\/\/onurceliktas.av.tr\/en\/home\/"},{"@type":"ListItem","position":2,"name":"Our Team"}]},{"@type":"WebSite","@id":"https:\/\/onurceliktas.av.tr\/#website","url":"https:\/\/onurceliktas.av.tr\/","name":"A&C Hukuk - Dan\u0131\u015fmanl\u0131k","description":"","publisher":{"@id":"https:\/\/onurceliktas.av.tr\/#organization"},"potentialAction":[{"@type":"SearchAction","target":{"@type":"EntryPoint","urlTemplate":"https:\/\/onurceliktas.av.tr\/?s={search_term_string}"},"query-input":"required name=search_term_string"}],"inLanguage":"en-US"},{"@type":"Organization","@id":"https:\/\/onurceliktas.av.tr\/#organization","name":"A&C Hukuk - Dan\u0131\u015fmanl\u0131k","url":"https:\/\/onurceliktas.av.tr\/","logo":{"@type":"ImageObject","inLanguage":"en-US","@id":"https:\/\/onurceliktas.av.tr\/#\/schema\/logo\/image\/","url":"https:\/\/onurceliktas.av.tr\/wp-content\/uploads\/2023\/03\/Asset-2.png","contentUrl":"https:\/\/onurceliktas.av.tr\/wp-content\/uploads\/2023\/03\/Asset-2.png","width":300,"height":204,"caption":"A&C Hukuk - Dan\u0131\u015fmanl\u0131k"},"image":{"@id":"https:\/\/onurceliktas.av.tr\/#\/schema\/logo\/image\/"}}]}},"_links":{"self":[{"href":"https:\/\/onurceliktas.av.tr\/en\/wp-json\/wp\/v2\/pages\/2193"}],"collection":[{"href":"https:\/\/onurceliktas.av.tr\/en\/wp-json\/wp\/v2\/pages"}],"about":[{"href":"https:\/\/onurceliktas.av.tr\/en\/wp-json\/wp\/v2\/types\/page"}],"author":[{"embeddable":true,"href":"https:\/\/onurceliktas.av.tr\/en\/wp-json\/wp\/v2\/users\/1"}],"replies":[{"embeddable":true,"href":"https:\/\/onurceliktas.av.tr\/en\/wp-json\/wp\/v2\/comments?post=2193"}],"version-history":[{"count":2,"href":"https:\/\/onurceliktas.av.tr\/en\/wp-json\/wp\/v2\/pages\/2193\/revisions"}],"predecessor-version":[{"id":2208,"href":"https:\/\/onurceliktas.av.tr\/en\/wp-json\/wp\/v2\/pages\/2193\/revisions\/2208"}],"wp:attachment":[{"href":"https:\/\/onurceliktas.av.tr\/en\/wp-json\/wp\/v2\/media?parent=2193"}],"curies":[{"name":"wp","href":"https:\/\/api.w.org\/{rel}","templated":true}]}}