{"id":2241,"date":"2021-03-08T09:01:41","date_gmt":"2021-03-08T06:01:41","guid":{"rendered":"https:\/\/ac.umutore.com\/%d9%85%d8%b9%d9%84%d9%88%d9%85%d8%a7%d8%aa-%d8%b9%d9%86%d8%a7\/"},"modified":"2023-04-14T23:49:51","modified_gmt":"2023-04-14T20:49:51","slug":"%d9%85%d8%b9%d9%84%d9%88%d9%85%d8%a7%d8%aa-%d8%b9%d9%86%d8%a7","status":"publish","type":"page","link":"https:\/\/onurceliktas.av.tr\/ar\/%d9%85%d8%b9%d9%84%d9%88%d9%85%d8%a7%d8%aa-%d8%b9%d9%86%d8%a7\/","title":{"rendered":"\u0645\u0639\u0644\u0648\u0645\u0627\u062a \u0639\u0646\u0627"},"content":{"rendered":"\t\t<div data-elementor-type=\"wp-page\" data-elementor-id=\"2241\" class=\"elementor elementor-2241 elementor-393\">\n\t\t\t\t\t\t<section class=\"elementor-section elementor-top-section elementor-element elementor-element-93488aa elementor-section-boxed elementor-section-height-default elementor-section-height-default\" data-id=\"93488aa\" data-element_type=\"section\" data-settings=\"{&quot;background_background&quot;:&quot;classic&quot;}\">\n\t\t\t\t\t\t<div class=\"elementor-container elementor-column-gap-no\">\n\t\t\t\t\t<div class=\"elementor-column elementor-col-100 elementor-top-column elementor-element elementor-element-0c95332\" data-id=\"0c95332\" data-element_type=\"column\">\n\t\t\t<div class=\"elementor-widget-wrap elementor-element-populated\">\n\t\t\t\t\t\t<div class=\"elementor-element elementor-element-d82acff elementor-widget elementor-widget-heading\" data-id=\"d82acff\" data-element_type=\"widget\" data-widget_type=\"heading.default\">\n\t\t\t\t<div class=\"elementor-widget-container\">\n\t\t\t<style>\/*! elementor - v3.22.0 - 26-06-2024 *\/\n.elementor-heading-title{padding:0;margin:0;line-height:1}.elementor-widget-heading .elementor-heading-title[class*=elementor-size-]>a{color:inherit;font-size:inherit;line-height:inherit}.elementor-widget-heading .elementor-heading-title.elementor-size-small{font-size:15px}.elementor-widget-heading .elementor-heading-title.elementor-size-medium{font-size:19px}.elementor-widget-heading .elementor-heading-title.elementor-size-large{font-size:29px}.elementor-widget-heading .elementor-heading-title.elementor-size-xl{font-size:39px}.elementor-widget-heading .elementor-heading-title.elementor-size-xxl{font-size:59px}<\/style><h1 class=\"elementor-heading-title elementor-size-xl\">\u0645\u0639\u0644\u0648\u0645\u0627\u062a \u0639\u0646\u0627<\/h1>\t\t<\/div>\n\t\t\t\t<\/div>\n\t\t\t\t\t<\/div>\n\t\t<\/div>\n\t\t\t\t\t<\/div>\n\t\t<\/section>\n\t\t\t\t<section class=\"elementor-section elementor-top-section elementor-element elementor-element-fd73e8b elementor-section-boxed elementor-section-height-default elementor-section-height-default\" data-id=\"fd73e8b\" data-element_type=\"section\" data-settings=\"{&quot;background_background&quot;:&quot;classic&quot;}\">\n\t\t\t\t\t\t<div class=\"elementor-container elementor-column-gap-no\">\n\t\t\t\t\t<div class=\"elementor-column elementor-col-100 elementor-top-column elementor-element elementor-element-bec96b1\" data-id=\"bec96b1\" data-element_type=\"column\">\n\t\t\t<div class=\"elementor-widget-wrap elementor-element-populated\">\n\t\t\t\t\t\t<section class=\"elementor-section elementor-inner-section elementor-element elementor-element-21a252f elementor-section-boxed elementor-section-height-default elementor-section-height-default\" data-id=\"21a252f\" data-element_type=\"section\">\n\t\t\t\t\t\t<div class=\"elementor-container elementor-column-gap-no\">\n\t\t\t\t\t<div class=\"elementor-column elementor-col-33 elementor-inner-column elementor-element elementor-element-5f0f87a\" data-id=\"5f0f87a\" data-element_type=\"column\">\n\t\t\t<div class=\"elementor-widget-wrap elementor-element-populated\">\n\t\t\t\t\t\t<div class=\"elementor-element elementor-element-84f212b elementor-view-default elementor-widget elementor-widget-icon\" data-id=\"84f212b\" data-element_type=\"widget\" data-widget_type=\"icon.default\">\n\t\t\t\t<div class=\"elementor-widget-container\">\n\t\t\t\t\t<div class=\"elementor-icon-wrapper\">\n\t\t\t<div class=\"elementor-icon\">\n\t\t\t<i aria-hidden=\"true\" class=\"fas fa-archway\"><\/i>\t\t\t<\/div>\n\t\t<\/div>\n\t\t\t\t<\/div>\n\t\t\t\t<\/div>\n\t\t\t\t\t<\/div>\n\t\t<\/div>\n\t\t\t\t<div class=\"elementor-column elementor-col-66 elementor-inner-column elementor-element elementor-element-7900ea0\" data-id=\"7900ea0\" data-element_type=\"column\">\n\t\t\t<div class=\"elementor-widget-wrap elementor-element-populated\">\n\t\t\t\t\t\t<div class=\"elementor-element elementor-element-d57e848 elementor-widget elementor-widget-heading\" data-id=\"d57e848\" data-element_type=\"widget\" data-widget_type=\"heading.default\">\n\t\t\t\t<div class=\"elementor-widget-container\">\n\t\t\t<h2 class=\"elementor-heading-title elementor-size-default\">\u0646\u062d\u0646 \u0641\u064a \u062e\u062f\u0645\u062a\u0643\u0645 \u0645\u0646\u0630 2018.<\/h2>\t\t<\/div>\n\t\t\t\t<\/div>\n\t\t\t\t<div class=\"elementor-element elementor-element-ea7d24d elementor-widget elementor-widget-text-editor\" data-id=\"ea7d24d\" data-element_type=\"widget\" data-widget_type=\"text-editor.default\">\n\t\t\t\t<div class=\"elementor-widget-container\">\n\t\t\t<style>\/*! elementor - v3.22.0 - 26-06-2024 *\/\n.elementor-widget-text-editor.elementor-drop-cap-view-stacked .elementor-drop-cap{background-color:#69727d;color:#fff}.elementor-widget-text-editor.elementor-drop-cap-view-framed .elementor-drop-cap{color:#69727d;border:3px solid;background-color:transparent}.elementor-widget-text-editor:not(.elementor-drop-cap-view-default) .elementor-drop-cap{margin-top:8px}.elementor-widget-text-editor:not(.elementor-drop-cap-view-default) .elementor-drop-cap-letter{width:1em;height:1em}.elementor-widget-text-editor .elementor-drop-cap{float:left;text-align:center;line-height:1;font-size:50px}.elementor-widget-text-editor .elementor-drop-cap-letter{display:inline-block}<\/style>\t\t\t\t<p>\u0645\u0646\u0630 \u0639\u0627\u0645 2018\u060c \u062a\u0642\u062f\u0645 \u0634\u0631\u0643\u0629 A&#038;C \u0644\u0644\u0645\u062d\u0627\u0645\u0627\u0629 \u0648\u0627\u0644\u0627\u0633\u062a\u0634\u0627\u0631\u0627\u062a \u062e\u062f\u0645\u0627\u062a\u0647\u0627 \u0628\u0641\u0631\u064a\u0642 \u0645\u0646 \u0627\u0644\u062e\u0628\u0631\u0627\u0621 \u0641\u064a \u0645\u062c\u0627\u0644\u0647\u0627. \u062a\u0647\u062a\u0645 \u0627\u0644\u0634\u0631\u0643\u0629 \u0628\u0625\u062f\u0627\u0631\u0629 \u0648\u0645\u062a\u0627\u0628\u0639\u0629 \u0627\u0644\u0639\u0645\u0644\u064a\u0627\u062a \u0627\u0644\u0642\u0627\u0646\u0648\u0646\u064a\u0629 \u0644\u0639\u0645\u0644\u0627\u0626\u0647\u0627\u060c \u0628\u0627\u0644\u0625\u0636\u0627\u0641\u0629 \u0625\u0644\u0649 \u062a\u0642\u062f\u064a\u0645 \u062e\u062f\u0645\u0627\u062a \u0627\u0644\u0642\u0627\u0646\u0648\u0646 \u0627\u0644\u0648\u0642\u0627\u0626\u064a \u0628\u0634\u0643\u0644 \u062e\u0627\u0635. \u0628\u0645\u0639\u0646\u0649 \u0622\u062e\u0631\u060c \u064a\u062a\u0645 \u062a\u062d\u0644\u064a\u0644 \u0627\u0644\u0645\u062e\u0627\u0637\u0631 \u0648\u0627\u0644\u0646\u062a\u0627\u0626\u062c \u0627\u0644\u0645\u062d\u062a\u0645\u0644\u0629 \u0645\u0639 \u0627\u0644\u0639\u0645\u0644\u0627\u0621 \u0642\u0628\u0644 \u0638\u0647\u0648\u0631 \u0627\u0644\u0646\u0632\u0627\u0639\u0627\u062a \u0627\u0644\u0642\u0627\u0646\u0648\u0646\u064a\u0629 \u0648\u0627\u062a\u062e\u0627\u0630 \u0627\u0644\u062a\u062f\u0627\u0628\u064a\u0631 \u0627\u0644\u0645\u0646\u0627\u0633\u0628\u0629 \u0642\u0628\u0644 \u062d\u062f\u0648\u062b \u0627\u0644\u0646\u0632\u0627\u0639\u0627\u062a. \u0641\u064a \u0647\u0630\u0627 \u0627\u0644\u0633\u064a\u0627\u0642\u060c \u062a\u0628\u0631\u0632 \u062e\u062f\u0645\u0627\u062a \u0627\u0644\u0627\u0633\u062a\u0634\u0627\u0631\u0627\u062a \u0644\u0644\u0634\u0631\u0643\u0627\u062a \u0628\u0634\u0643\u0644 \u062e\u0627\u0635.<\/p>\n\t\t\t\t\t\t<\/div>\n\t\t\t\t<\/div>\n\t\t\t\t\t<\/div>\n\t\t<\/div>\n\t\t\t\t\t<\/div>\n\t\t<\/section>\n\t\t\t\t\t<\/div>\n\t\t<\/div>\n\t\t\t\t\t<\/div>\n\t\t<\/section>\n\t\t\t\t<\/div>\n\t\t","protected":false},"excerpt":{"rendered":"<p>\u0645\u0639\u0644\u0648\u0645\u0627\u062a \u0639\u0646\u0627 \u0646\u062d\u0646 \u0641\u064a \u062e\u062f\u0645\u062a\u0643\u0645 \u0645\u0646\u0630 2018. \u0645\u0646\u0630 \u0639\u0627\u0645 2018\u060c \u062a\u0642\u062f\u0645 \u0634\u0631\u0643\u0629 A&#038;C \u0644\u0644\u0645\u062d\u0627\u0645\u0627\u0629 \u0648\u0627\u0644\u0627\u0633\u062a\u0634\u0627\u0631\u0627\u062a \u062e\u062f\u0645\u0627\u062a\u0647\u0627 \u0628\u0641\u0631\u064a\u0642 \u0645\u0646 \u0627\u0644\u062e\u0628\u0631\u0627\u0621 \u0641\u064a \u0645\u062c\u0627\u0644\u0647\u0627. \u062a\u0647\u062a\u0645 \u0627\u0644\u0634\u0631\u0643\u0629 \u0628\u0625\u062f\u0627\u0631\u0629 \u0648\u0645\u062a\u0627\u0628\u0639\u0629 \u0627\u0644\u0639\u0645\u0644\u064a\u0627\u062a \u0627\u0644\u0642\u0627\u0646\u0648\u0646\u064a\u0629 \u0644\u0639\u0645\u0644\u0627\u0626\u0647\u0627\u060c \u0628\u0627\u0644\u0625\u0636\u0627\u0641\u0629 \u0625\u0644\u0649 \u062a\u0642\u062f\u064a\u0645 \u062e\u062f\u0645\u0627\u062a \u0627\u0644\u0642\u0627\u0646\u0648\u0646 \u0627\u0644\u0648\u0642\u0627\u0626\u064a \u0628\u0634\u0643\u0644 \u062e\u0627\u0635. \u0628\u0645\u0639\u0646\u0649 \u0622\u062e\u0631\u060c \u064a\u062a\u0645 \u062a\u062d\u0644\u064a\u0644 \u0627\u0644\u0645\u062e\u0627\u0637\u0631 \u0648\u0627\u0644\u0646\u062a\u0627\u0626\u062c \u0627\u0644\u0645\u062d\u062a\u0645\u0644\u0629 \u0645\u0639 \u0627\u0644\u0639\u0645\u0644\u0627\u0621 \u0642\u0628\u0644 \u0638\u0647\u0648\u0631 \u0627\u0644\u0646\u0632\u0627\u0639\u0627\u062a \u0627\u0644\u0642\u0627\u0646\u0648\u0646\u064a\u0629 \u0648\u0627\u062a\u062e\u0627\u0630 \u0627\u0644\u062a\u062f\u0627\u0628\u064a\u0631 \u0627\u0644\u0645\u0646\u0627\u0633\u0628\u0629 \u0642\u0628\u0644 \u062d\u062f\u0648\u062b \u0627\u0644\u0646\u0632\u0627\u0639\u0627\u062a. &hellip;<\/p>\n<p class=\"read-more\"> <a class=\"\" href=\"https:\/\/onurceliktas.av.tr\/ar\/%d9%85%d8%b9%d9%84%d9%88%d9%85%d8%a7%d8%aa-%d8%b9%d9%86%d8%a7\/\"> <span class=\"screen-reader-text\">\u0645\u0639\u0644\u0648\u0645\u0627\u062a \u0639\u0646\u0627<\/span> \u0642\u0631\u0627\u0621\u0629 \u0627\u0644\u0645\u0632\u064a\u062f &raquo;<\/a><\/p>\n","protected":false},"author":1,"featured_media":0,"parent":0,"menu_order":0,"comment_status":"closed","ping_status":"closed","template":"","meta":{"site-sidebar-layout":"no-sidebar","site-content-layout":"page-builder","ast-global-header-display":"","ast-main-header-display":"","ast-hfb-above-header-display":"","ast-hfb-below-header-display":"","ast-hfb-mobile-header-display":"","site-post-title":"disabled","ast-breadcrumbs-content":"disabled","ast-featured-img":"disabled","footer-sml-layout":"","theme-transparent-header-meta":"enabled","adv-header-id-meta":"","stick-header-meta":"","header-above-stick-meta":"","header-main-stick-meta":"","header-below-stick-meta":"","footnotes":""},"yoast_head":"<!-- This site is optimized with the Yoast SEO plugin v20.5 - https:\/\/yoast.com\/wordpress\/plugins\/seo\/ -->\n<title>\u0645\u0639\u0644\u0648\u0645\u0627\u062a \u0639\u0646\u0627 - \u0642\u0627\u0646\u0648\u0646 A&amp;C - \u0627\u0633\u062a\u0634\u0627\u0631\u0627\u062a<\/title>\n<meta name=\"robots\" content=\"index, follow, max-snippet:-1, max-image-preview:large, max-video-preview:-1\" \/>\n<link rel=\"canonical\" href=\"https:\/\/onurceliktas.av.tr\/ar\/\u0645\u0639\u0644\u0648\u0645\u0627\u062a-\u0639\u0646\u0627\/\" \/>\n<meta property=\"og:locale\" content=\"ar_AR\" \/>\n<meta property=\"og:type\" content=\"article\" \/>\n<meta property=\"og:title\" content=\"\u0645\u0639\u0644\u0648\u0645\u0627\u062a \u0639\u0646\u0627 - \u0642\u0627\u0646\u0648\u0646 A&amp;C - \u0627\u0633\u062a\u0634\u0627\u0631\u0627\u062a\" \/>\n<meta property=\"og:description\" content=\"\u0645\u0639\u0644\u0648\u0645\u0627\u062a \u0639\u0646\u0627 \u0646\u062d\u0646 \u0641\u064a \u062e\u062f\u0645\u062a\u0643\u0645 \u0645\u0646\u0630 2018. \u0645\u0646\u0630 \u0639\u0627\u0645 2018\u060c \u062a\u0642\u062f\u0645 \u0634\u0631\u0643\u0629 A&#038;C \u0644\u0644\u0645\u062d\u0627\u0645\u0627\u0629 \u0648\u0627\u0644\u0627\u0633\u062a\u0634\u0627\u0631\u0627\u062a \u062e\u062f\u0645\u0627\u062a\u0647\u0627 \u0628\u0641\u0631\u064a\u0642 \u0645\u0646 \u0627\u0644\u062e\u0628\u0631\u0627\u0621 \u0641\u064a \u0645\u062c\u0627\u0644\u0647\u0627. \u062a\u0647\u062a\u0645 \u0627\u0644\u0634\u0631\u0643\u0629 \u0628\u0625\u062f\u0627\u0631\u0629 \u0648\u0645\u062a\u0627\u0628\u0639\u0629 \u0627\u0644\u0639\u0645\u0644\u064a\u0627\u062a \u0627\u0644\u0642\u0627\u0646\u0648\u0646\u064a\u0629 \u0644\u0639\u0645\u0644\u0627\u0626\u0647\u0627\u060c \u0628\u0627\u0644\u0625\u0636\u0627\u0641\u0629 \u0625\u0644\u0649 \u062a\u0642\u062f\u064a\u0645 \u062e\u062f\u0645\u0627\u062a \u0627\u0644\u0642\u0627\u0646\u0648\u0646 \u0627\u0644\u0648\u0642\u0627\u0626\u064a \u0628\u0634\u0643\u0644 \u062e\u0627\u0635. \u0628\u0645\u0639\u0646\u0649 \u0622\u062e\u0631\u060c \u064a\u062a\u0645 \u062a\u062d\u0644\u064a\u0644 \u0627\u0644\u0645\u062e\u0627\u0637\u0631 \u0648\u0627\u0644\u0646\u062a\u0627\u0626\u062c \u0627\u0644\u0645\u062d\u062a\u0645\u0644\u0629 \u0645\u0639 \u0627\u0644\u0639\u0645\u0644\u0627\u0621 \u0642\u0628\u0644 \u0638\u0647\u0648\u0631 \u0627\u0644\u0646\u0632\u0627\u0639\u0627\u062a \u0627\u0644\u0642\u0627\u0646\u0648\u0646\u064a\u0629 \u0648\u0627\u062a\u062e\u0627\u0630 \u0627\u0644\u062a\u062f\u0627\u0628\u064a\u0631 \u0627\u0644\u0645\u0646\u0627\u0633\u0628\u0629 \u0642\u0628\u0644 \u062d\u062f\u0648\u062b \u0627\u0644\u0646\u0632\u0627\u0639\u0627\u062a. &hellip; \u0645\u0639\u0644\u0648\u0645\u0627\u062a \u0639\u0646\u0627 \u0642\u0631\u0627\u0621\u0629 \u0627\u0644\u0645\u0632\u064a\u062f &raquo;\" \/>\n<meta property=\"og:url\" content=\"https:\/\/onurceliktas.av.tr\/ar\/\u0645\u0639\u0644\u0648\u0645\u0627\u062a-\u0639\u0646\u0627\/\" \/>\n<meta property=\"og:site_name\" content=\"\u0642\u0627\u0646\u0648\u0646 A&amp;C - \u0627\u0633\u062a\u0634\u0627\u0631\u0627\u062a\" \/>\n<meta property=\"article:modified_time\" content=\"2023-04-14T20:49:51+00:00\" \/>\n<meta name=\"twitter:card\" content=\"summary_large_image\" \/>\n<script type=\"application\/ld+json\" class=\"yoast-schema-graph\">{\"@context\":\"https:\/\/schema.org\",\"@graph\":[{\"@type\":\"WebPage\",\"@id\":\"https:\/\/onurceliktas.av.tr\/ar\/%d9%85%d8%b9%d9%84%d9%88%d9%85%d8%a7%d8%aa-%d8%b9%d9%86%d8%a7\/\",\"url\":\"https:\/\/onurceliktas.av.tr\/ar\/%d9%85%d8%b9%d9%84%d9%88%d9%85%d8%a7%d8%aa-%d8%b9%d9%86%d8%a7\/\",\"name\":\"\u0645\u0639\u0644\u0648\u0645\u0627\u062a \u0639\u0646\u0627 - \u0642\u0627\u0646\u0648\u0646 A&amp;C - \u0627\u0633\u062a\u0634\u0627\u0631\u0627\u062a\",\"isPartOf\":{\"@id\":\"https:\/\/onurceliktas.av.tr\/#website\"},\"datePublished\":\"2021-03-08T06:01:41+00:00\",\"dateModified\":\"2023-04-14T20:49:51+00:00\",\"breadcrumb\":{\"@id\":\"https:\/\/onurceliktas.av.tr\/ar\/%d9%85%d8%b9%d9%84%d9%88%d9%85%d8%a7%d8%aa-%d8%b9%d9%86%d8%a7\/#breadcrumb\"},\"inLanguage\":\"ar\",\"potentialAction\":[{\"@type\":\"ReadAction\",\"target\":[\"https:\/\/onurceliktas.av.tr\/ar\/%d9%85%d8%b9%d9%84%d9%88%d9%85%d8%a7%d8%aa-%d8%b9%d9%86%d8%a7\/\"]}]},{\"@type\":\"BreadcrumbList\",\"@id\":\"https:\/\/onurceliktas.av.tr\/ar\/%d9%85%d8%b9%d9%84%d9%88%d9%85%d8%a7%d8%aa-%d8%b9%d9%86%d8%a7\/#breadcrumb\",\"itemListElement\":[{\"@type\":\"ListItem\",\"position\":1,\"name\":\"Anasayfa\",\"item\":\"https:\/\/onurceliktas.av.tr\/ar\/%d8%a8%d9%8a%d8%aa\/\"},{\"@type\":\"ListItem\",\"position\":2,\"name\":\"\u0645\u0639\u0644\u0648\u0645\u0627\u062a \u0639\u0646\u0627\"}]},{\"@type\":\"WebSite\",\"@id\":\"https:\/\/onurceliktas.av.tr\/#website\",\"url\":\"https:\/\/onurceliktas.av.tr\/\",\"name\":\"A&C Hukuk - Dan\u0131\u015fmanl\u0131k\",\"description\":\"\",\"publisher\":{\"@id\":\"https:\/\/onurceliktas.av.tr\/#organization\"},\"potentialAction\":[{\"@type\":\"SearchAction\",\"target\":{\"@type\":\"EntryPoint\",\"urlTemplate\":\"https:\/\/onurceliktas.av.tr\/?s={search_term_string}\"},\"query-input\":\"required name=search_term_string\"}],\"inLanguage\":\"ar\"},{\"@type\":\"Organization\",\"@id\":\"https:\/\/onurceliktas.av.tr\/#organization\",\"name\":\"A&C Hukuk - Dan\u0131\u015fmanl\u0131k\",\"url\":\"https:\/\/onurceliktas.av.tr\/\",\"logo\":{\"@type\":\"ImageObject\",\"inLanguage\":\"ar\",\"@id\":\"https:\/\/onurceliktas.av.tr\/#\/schema\/logo\/image\/\",\"url\":\"https:\/\/onurceliktas.av.tr\/wp-content\/uploads\/2023\/03\/Asset-2.png\",\"contentUrl\":\"https:\/\/onurceliktas.av.tr\/wp-content\/uploads\/2023\/03\/Asset-2.png\",\"width\":300,\"height\":204,\"caption\":\"A&C Hukuk - Dan\u0131\u015fmanl\u0131k\"},\"image\":{\"@id\":\"https:\/\/onurceliktas.av.tr\/#\/schema\/logo\/image\/\"}}]}<\/script>\n<!-- \/ Yoast SEO plugin. -->","yoast_head_json":{"title":"\u0645\u0639\u0644\u0648\u0645\u0627\u062a \u0639\u0646\u0627 - \u0642\u0627\u0646\u0648\u0646 A&amp;C - \u0627\u0633\u062a\u0634\u0627\u0631\u0627\u062a","robots":{"index":"index","follow":"follow","max-snippet":"max-snippet:-1","max-image-preview":"max-image-preview:large","max-video-preview":"max-video-preview:-1"},"canonical":"https:\/\/onurceliktas.av.tr\/ar\/\u0645\u0639\u0644\u0648\u0645\u0627\u062a-\u0639\u0646\u0627\/","og_locale":"ar_AR","og_type":"article","og_title":"\u0645\u0639\u0644\u0648\u0645\u0627\u062a \u0639\u0646\u0627 - \u0642\u0627\u0646\u0648\u0646 A&amp;C - \u0627\u0633\u062a\u0634\u0627\u0631\u0627\u062a","og_description":"\u0645\u0639\u0644\u0648\u0645\u0627\u062a \u0639\u0646\u0627 \u0646\u062d\u0646 \u0641\u064a \u062e\u062f\u0645\u062a\u0643\u0645 \u0645\u0646\u0630 2018. \u0645\u0646\u0630 \u0639\u0627\u0645 2018\u060c \u062a\u0642\u062f\u0645 \u0634\u0631\u0643\u0629 A&#038;C \u0644\u0644\u0645\u062d\u0627\u0645\u0627\u0629 \u0648\u0627\u0644\u0627\u0633\u062a\u0634\u0627\u0631\u0627\u062a \u062e\u062f\u0645\u0627\u062a\u0647\u0627 \u0628\u0641\u0631\u064a\u0642 \u0645\u0646 \u0627\u0644\u062e\u0628\u0631\u0627\u0621 \u0641\u064a \u0645\u062c\u0627\u0644\u0647\u0627. \u062a\u0647\u062a\u0645 \u0627\u0644\u0634\u0631\u0643\u0629 \u0628\u0625\u062f\u0627\u0631\u0629 \u0648\u0645\u062a\u0627\u0628\u0639\u0629 \u0627\u0644\u0639\u0645\u0644\u064a\u0627\u062a \u0627\u0644\u0642\u0627\u0646\u0648\u0646\u064a\u0629 \u0644\u0639\u0645\u0644\u0627\u0626\u0647\u0627\u060c \u0628\u0627\u0644\u0625\u0636\u0627\u0641\u0629 \u0625\u0644\u0649 \u062a\u0642\u062f\u064a\u0645 \u062e\u062f\u0645\u0627\u062a \u0627\u0644\u0642\u0627\u0646\u0648\u0646 \u0627\u0644\u0648\u0642\u0627\u0626\u064a \u0628\u0634\u0643\u0644 \u062e\u0627\u0635. \u0628\u0645\u0639\u0646\u0649 \u0622\u062e\u0631\u060c \u064a\u062a\u0645 \u062a\u062d\u0644\u064a\u0644 \u0627\u0644\u0645\u062e\u0627\u0637\u0631 \u0648\u0627\u0644\u0646\u062a\u0627\u0626\u062c \u0627\u0644\u0645\u062d\u062a\u0645\u0644\u0629 \u0645\u0639 \u0627\u0644\u0639\u0645\u0644\u0627\u0621 \u0642\u0628\u0644 \u0638\u0647\u0648\u0631 \u0627\u0644\u0646\u0632\u0627\u0639\u0627\u062a \u0627\u0644\u0642\u0627\u0646\u0648\u0646\u064a\u0629 \u0648\u0627\u062a\u062e\u0627\u0630 \u0627\u0644\u062a\u062f\u0627\u0628\u064a\u0631 \u0627\u0644\u0645\u0646\u0627\u0633\u0628\u0629 \u0642\u0628\u0644 \u062d\u062f\u0648\u062b \u0627\u0644\u0646\u0632\u0627\u0639\u0627\u062a. &hellip; \u0645\u0639\u0644\u0648\u0645\u0627\u062a \u0639\u0646\u0627 \u0642\u0631\u0627\u0621\u0629 \u0627\u0644\u0645\u0632\u064a\u062f &raquo;","og_url":"https:\/\/onurceliktas.av.tr\/ar\/\u0645\u0639\u0644\u0648\u0645\u0627\u062a-\u0639\u0646\u0627\/","og_site_name":"\u0642\u0627\u0646\u0648\u0646 A&amp;C - \u0627\u0633\u062a\u0634\u0627\u0631\u0627\u062a","article_modified_time":"2023-04-14T20:49:51+00:00","twitter_card":"summary_large_image","schema":{"@context":"https:\/\/schema.org","@graph":[{"@type":"WebPage","@id":"https:\/\/onurceliktas.av.tr\/ar\/%d9%85%d8%b9%d9%84%d9%88%d9%85%d8%a7%d8%aa-%d8%b9%d9%86%d8%a7\/","url":"https:\/\/onurceliktas.av.tr\/ar\/%d9%85%d8%b9%d9%84%d9%88%d9%85%d8%a7%d8%aa-%d8%b9%d9%86%d8%a7\/","name":"\u0645\u0639\u0644\u0648\u0645\u0627\u062a \u0639\u0646\u0627 - \u0642\u0627\u0646\u0648\u0646 A&amp;C - \u0627\u0633\u062a\u0634\u0627\u0631\u0627\u062a","isPartOf":{"@id":"https:\/\/onurceliktas.av.tr\/#website"},"datePublished":"2021-03-08T06:01:41+00:00","dateModified":"2023-04-14T20:49:51+00:00","breadcrumb":{"@id":"https:\/\/onurceliktas.av.tr\/ar\/%d9%85%d8%b9%d9%84%d9%88%d9%85%d8%a7%d8%aa-%d8%b9%d9%86%d8%a7\/#breadcrumb"},"inLanguage":"ar","potentialAction":[{"@type":"ReadAction","target":["https:\/\/onurceliktas.av.tr\/ar\/%d9%85%d8%b9%d9%84%d9%88%d9%85%d8%a7%d8%aa-%d8%b9%d9%86%d8%a7\/"]}]},{"@type":"BreadcrumbList","@id":"https:\/\/onurceliktas.av.tr\/ar\/%d9%85%d8%b9%d9%84%d9%88%d9%85%d8%a7%d8%aa-%d8%b9%d9%86%d8%a7\/#breadcrumb","itemListElement":[{"@type":"ListItem","position":1,"name":"Anasayfa","item":"https:\/\/onurceliktas.av.tr\/ar\/%d8%a8%d9%8a%d8%aa\/"},{"@type":"ListItem","position":2,"name":"\u0645\u0639\u0644\u0648\u0645\u0627\u062a \u0639\u0646\u0627"}]},{"@type":"WebSite","@id":"https:\/\/onurceliktas.av.tr\/#website","url":"https:\/\/onurceliktas.av.tr\/","name":"A&C Hukuk - Dan\u0131\u015fmanl\u0131k","description":"","publisher":{"@id":"https:\/\/onurceliktas.av.tr\/#organization"},"potentialAction":[{"@type":"SearchAction","target":{"@type":"EntryPoint","urlTemplate":"https:\/\/onurceliktas.av.tr\/?s={search_term_string}"},"query-input":"required name=search_term_string"}],"inLanguage":"ar"},{"@type":"Organization","@id":"https:\/\/onurceliktas.av.tr\/#organization","name":"A&C Hukuk - Dan\u0131\u015fmanl\u0131k","url":"https:\/\/onurceliktas.av.tr\/","logo":{"@type":"ImageObject","inLanguage":"ar","@id":"https:\/\/onurceliktas.av.tr\/#\/schema\/logo\/image\/","url":"https:\/\/onurceliktas.av.tr\/wp-content\/uploads\/2023\/03\/Asset-2.png","contentUrl":"https:\/\/onurceliktas.av.tr\/wp-content\/uploads\/2023\/03\/Asset-2.png","width":300,"height":204,"caption":"A&C Hukuk - Dan\u0131\u015fmanl\u0131k"},"image":{"@id":"https:\/\/onurceliktas.av.tr\/#\/schema\/logo\/image\/"}}]}},"_links":{"self":[{"href":"https:\/\/onurceliktas.av.tr\/ar\/wp-json\/wp\/v2\/pages\/2241"}],"collection":[{"href":"https:\/\/onurceliktas.av.tr\/ar\/wp-json\/wp\/v2\/pages"}],"about":[{"href":"https:\/\/onurceliktas.av.tr\/ar\/wp-json\/wp\/v2\/types\/page"}],"author":[{"embeddable":true,"href":"https:\/\/onurceliktas.av.tr\/ar\/wp-json\/wp\/v2\/users\/1"}],"replies":[{"embeddable":true,"href":"https:\/\/onurceliktas.av.tr\/ar\/wp-json\/wp\/v2\/comments?post=2241"}],"version-history":[{"count":3,"href":"https:\/\/onurceliktas.av.tr\/ar\/wp-json\/wp\/v2\/pages\/2241\/revisions"}],"predecessor-version":[{"id":2372,"href":"https:\/\/onurceliktas.av.tr\/ar\/wp-json\/wp\/v2\/pages\/2241\/revisions\/2372"}],"wp:attachment":[{"href":"https:\/\/onurceliktas.av.tr\/ar\/wp-json\/wp\/v2\/media?parent=2241"}],"curies":[{"name":"wp","href":"https:\/\/api.w.org\/{rel}","templated":true}]}}