{"id":2222,"date":"2021-03-08T10:07:17","date_gmt":"2021-03-08T07:07:17","guid":{"rendered":"https:\/\/ac.umutore.com\/%d9%81%d8%b1%d9%8a%d9%82%d9%86%d8%a7\/"},"modified":"2023-04-15T00:15:55","modified_gmt":"2023-04-14T21:15:55","slug":"%d9%81%d8%b1%d9%8a%d9%82%d9%86%d8%a7","status":"publish","type":"page","link":"https:\/\/onurceliktas.av.tr\/ar\/%d9%81%d8%b1%d9%8a%d9%82%d9%86%d8%a7\/","title":{"rendered":"\u0641\u0631\u064a\u0642\u0646\u0627"},"content":{"rendered":"\t\t<div data-elementor-type=\"wp-page\" data-elementor-id=\"2222\" class=\"elementor elementor-2222 elementor-517\">\n\t\t\t\t\t\t<section class=\"elementor-section elementor-top-section elementor-element elementor-element-36bd9e7b elementor-section-boxed elementor-section-height-default elementor-section-height-default\" data-id=\"36bd9e7b\" data-element_type=\"section\" data-settings=\"{&quot;background_background&quot;:&quot;classic&quot;}\">\n\t\t\t\t\t\t<div class=\"elementor-container elementor-column-gap-no\">\n\t\t\t\t\t<div class=\"elementor-column elementor-col-100 elementor-top-column elementor-element elementor-element-689e7e37\" data-id=\"689e7e37\" data-element_type=\"column\">\n\t\t\t<div class=\"elementor-widget-wrap elementor-element-populated\">\n\t\t\t\t\t\t<div class=\"elementor-element elementor-element-37d7772a elementor-widget elementor-widget-heading\" data-id=\"37d7772a\" data-element_type=\"widget\" data-widget_type=\"heading.default\">\n\t\t\t\t<div class=\"elementor-widget-container\">\n\t\t\t<style>\/*! elementor - v3.22.0 - 26-06-2024 *\/\n.elementor-heading-title{padding:0;margin:0;line-height:1}.elementor-widget-heading .elementor-heading-title[class*=elementor-size-]>a{color:inherit;font-size:inherit;line-height:inherit}.elementor-widget-heading .elementor-heading-title.elementor-size-small{font-size:15px}.elementor-widget-heading .elementor-heading-title.elementor-size-medium{font-size:19px}.elementor-widget-heading .elementor-heading-title.elementor-size-large{font-size:29px}.elementor-widget-heading .elementor-heading-title.elementor-size-xl{font-size:39px}.elementor-widget-heading .elementor-heading-title.elementor-size-xxl{font-size:59px}<\/style><h1 class=\"elementor-heading-title elementor-size-xl\">\u0627\u0644\u062a\u0642 \u0628\u0641\u0631\u064a\u0642\u0646\u0627<\/h1>\t\t<\/div>\n\t\t\t\t<\/div>\n\t\t\t\t\t<\/div>\n\t\t<\/div>\n\t\t\t\t\t<\/div>\n\t\t<\/section>\n\t\t\t\t<section class=\"elementor-section elementor-top-section elementor-element elementor-element-n8c1a6j elementor-section-boxed elementor-section-height-default elementor-section-height-default\" data-id=\"n8c1a6j\" data-element_type=\"section\">\n\t\t\t\t\t\t<div class=\"elementor-container elementor-column-gap-default\">\n\t\t\t\t\t<div class=\"elementor-column elementor-col-100 elementor-top-column elementor-element elementor-element-f149e63\" data-id=\"f149e63\" data-element_type=\"column\">\n\t\t\t<div class=\"elementor-widget-wrap elementor-element-populated\">\n\t\t\t\t\t\t<section class=\"elementor-section elementor-inner-section elementor-element elementor-element-7a77821 elementor-section-content-bottom elementor-section-boxed elementor-section-height-default elementor-section-height-default\" data-id=\"7a77821\" data-element_type=\"section\">\n\t\t\t\t\t\t<div class=\"elementor-container elementor-column-gap-wider\">\n\t\t\t\t\t<div class=\"elementor-column elementor-col-33 elementor-inner-column elementor-element elementor-element-9647c03\" data-id=\"9647c03\" data-element_type=\"column\">\n\t\t\t<div class=\"elementor-widget-wrap elementor-element-populated\">\n\t\t\t\t\t\t<div class=\"elementor-element elementor-element-545cf61 elementor-widget elementor-widget-image\" data-id=\"545cf61\" data-element_type=\"widget\" data-widget_type=\"image.default\">\n\t\t\t\t<div class=\"elementor-widget-container\">\n\t\t\t<style>\/*! elementor - v3.22.0 - 26-06-2024 *\/\n.elementor-widget-image{text-align:center}.elementor-widget-image a{display:inline-block}.elementor-widget-image a img[src$=\".svg\"]{width:48px}.elementor-widget-image img{vertical-align:middle;display:inline-block}<\/style>\t\t\t\t\t\t\t\t\t\t<img fetchpriority=\"high\" decoding=\"async\" width=\"656\" height=\"743\" src=\"https:\/\/onurceliktas.av.tr\/wp-content\/uploads\/2023\/03\/ac-onur-2023-04-13.jpeg\" class=\"attachment-full size-full wp-image-1514\" alt=\"\" srcset=\"https:\/\/onurceliktas.av.tr\/wp-content\/uploads\/2023\/03\/ac-onur-2023-04-13.jpeg 656w, https:\/\/onurceliktas.av.tr\/wp-content\/uploads\/2023\/03\/ac-onur-2023-04-13-265x300.jpeg 265w\" sizes=\"(max-width: 656px) 100vw, 656px\" \/>\t\t\t\t\t\t\t\t\t\t\t\t\t<\/div>\n\t\t\t\t<\/div>\n\t\t\t\t\t<\/div>\n\t\t<\/div>\n\t\t\t\t<div class=\"elementor-column elementor-col-66 elementor-inner-column elementor-element elementor-element-d298567\" data-id=\"d298567\" data-element_type=\"column\">\n\t\t\t<div class=\"elementor-widget-wrap elementor-element-populated\">\n\t\t\t\t\t\t<div class=\"elementor-element elementor-element-3ed513e elementor-widget elementor-widget-heading\" data-id=\"3ed513e\" data-element_type=\"widget\" data-widget_type=\"heading.default\">\n\t\t\t\t<div class=\"elementor-widget-container\">\n\t\t\t<div class=\"elementor-heading-title elementor-size-small\"> \u0627\u0644\u0645\u062d\u0627\u0645\u064a \u0627\u0644\u0645\u0624\u0633\u0633<\/div>\t\t<\/div>\n\t\t\t\t<\/div>\n\t\t\t\t<div class=\"elementor-element elementor-element-67bd790 elementor-vertical-align-top elementor-widget elementor-widget-image-box\" data-id=\"67bd790\" data-element_type=\"widget\" data-widget_type=\"image-box.default\">\n\t\t\t\t<div class=\"elementor-widget-container\">\n\t\t\t<style>\/*! elementor - v3.22.0 - 26-06-2024 *\/\n.elementor-widget-image-box .elementor-image-box-content{width:100%}@media (min-width:768px){.elementor-widget-image-box.elementor-position-left .elementor-image-box-wrapper,.elementor-widget-image-box.elementor-position-right .elementor-image-box-wrapper{display:flex}.elementor-widget-image-box.elementor-position-right .elementor-image-box-wrapper{text-align:end;flex-direction:row-reverse}.elementor-widget-image-box.elementor-position-left .elementor-image-box-wrapper{text-align:start;flex-direction:row}.elementor-widget-image-box.elementor-position-top .elementor-image-box-img{margin:auto}.elementor-widget-image-box.elementor-vertical-align-top .elementor-image-box-wrapper{align-items:flex-start}.elementor-widget-image-box.elementor-vertical-align-middle .elementor-image-box-wrapper{align-items:center}.elementor-widget-image-box.elementor-vertical-align-bottom .elementor-image-box-wrapper{align-items:flex-end}}@media (max-width:767px){.elementor-widget-image-box .elementor-image-box-img{margin-left:auto!important;margin-right:auto!important;margin-bottom:15px}}.elementor-widget-image-box .elementor-image-box-img{display:inline-block}.elementor-widget-image-box .elementor-image-box-title a{color:inherit}.elementor-widget-image-box .elementor-image-box-wrapper{text-align:center}.elementor-widget-image-box .elementor-image-box-description{margin:0}<\/style><div class=\"elementor-image-box-wrapper\"><div class=\"elementor-image-box-content\"><h3 class=\"elementor-image-box-title\">\u0627\u0644\u0635\u064a\u062f. \u0623\u0648\u0646\u0648\u0631 \u0633\u064a\u0644\u064a\u0643\u062a\u0627\u0634<\/h3><p class=\"elementor-image-box-description\">\u0627\u0644\u0635\u064a\u062f. \u0648\u0644\u062f Onur \u00c7EL\u0130KTA\u015e \u0639\u0627\u0645 1990 \u0641\u064a G\u00fcd\u00fcl \/ ANKARA. \u0628\u062f\u0623 \u062f\u0631\u0627\u0633\u062a\u0647 \u0627\u0644\u062c\u0627\u0645\u0639\u064a\u0629 \u0641\u064a \u0643\u0644\u064a\u0629 \u0627\u0644\u062d\u0642\u0648\u0642 \u0628\u062c\u0627\u0645\u0639\u0629 \u0627\u0633\u0637\u0646\u0628\u0648\u0644 \u0639\u0627\u0645 2008 \u0648\u062a\u062e\u0631\u062c \u0639\u0627\u0645 2014. \u0628\u0639\u062f \u0639\u0627\u0645 \u0648\u0627\u062d\u062f \u0645\u0646 \u0627\u0644\u062a\u062f\u0631\u064a\u0628 \u0627\u0644\u0642\u0627\u0646\u0648\u0646\u064a \u060c \u062d\u0635\u0644 \u0639\u0644\u0649 \u0631\u062e\u0635\u062a\u0647 \u0641\u064a \u062f\u064a\u0633\u0645\u0628\u0631 2015 \u060c Att. \u0628\u062f\u0623 \u0627\u0644\u0639\u0645\u0644 \u0645\u0639 \u0623\u0631\u062f\u0648\u063a\u0627\u0646 \u0643\u0648\u0643\u0648\u0644\u0648. \u0641\u064a \u0639\u0627\u0645 2018\u060c \u064a\u0648\u0627\u0635\u0644 \u0623\u0646\u0634\u0637\u062a\u0647 \u0627\u0644\u0642\u0627\u0646\u0648\u0646\u064a\u0629 \u0641\u064a \u0645\u0643\u062a\u0628\u0647 \u0627\u0644\u062e\u0627\u0635 \u062a\u062d\u062a \u0627\u0633\u0645 A&amp;C \u0644\u0644\u0645\u062d\u0627\u0645\u0627\u0629 \u0648\u0627\u0644\u0627\u0633\u062a\u0634\u0627\u0631\u0627\u062a \u0648\u0627\u0644\u0630\u064a \u064a\u062a\u0648\u0644\u0649 \u0642\u064a\u0627\u062f\u062a\u0647. \u0628\u0627\u0644\u0625\u0636\u0627\u0641\u0629 \u0625\u0644\u0649 \u062a\u0642\u062f\u064a\u0645 \u062e\u062f\u0645\u0627\u062a \u0627\u0633\u062a\u0634\u0627\u0631\u064a\u0629 \u0644\u0644\u0639\u062f\u064a\u062f \u0645\u0646 \u0627\u0644\u0634\u0631\u0643\u0627\u062a \u0627\u0644\u0639\u0627\u0645\u0644\u0629 \u0641\u064a \u0645\u062c\u0627\u0644\u0627\u062a \u0645\u062e\u062a\u0644\u0641\u0629 \u060c \u0641\u0647\u064a \u062a\u0642\u062f\u0645 \u062e\u062f\u0645\u0627\u062a \u0627\u0644\u0627\u0633\u062a\u0634\u0627\u0631\u0627\u062a \u0627\u0644\u0642\u0627\u0646\u0648\u0646\u064a\u0629 \u062e\u0627\u0635\u0629 \u0644\u0644\u0634\u0631\u0643\u0627\u062a \u0627\u0644\u0639\u0627\u0645\u0644\u0629 \u0641\u064a \u0642\u0637\u0627\u0639 \u0645\u0648\u0627\u062f \u0627\u0644\u0628\u0646\u0627\u0621. \u0647\u0648 \u0645\u062a\u0632\u0648\u062c \u0648\u0644\u062f\u064a\u0647 \u0627\u0628\u0646\u0629 \u0648\u0627\u062d\u062f\u0629.<\/p><\/div><\/div>\t\t<\/div>\n\t\t\t\t<\/div>\n\t\t\t\t\t<\/div>\n\t\t<\/div>\n\t\t\t\t\t<\/div>\n\t\t<\/section>\n\t\t\t\t<section class=\"elementor-section elementor-inner-section elementor-element elementor-element-dd04b06 elementor-section-content-top elementor-reverse-mobile elementor-section-boxed elementor-section-height-default elementor-section-height-default\" data-id=\"dd04b06\" data-element_type=\"section\">\n\t\t\t\t\t\t<div class=\"elementor-container elementor-column-gap-wider\">\n\t\t\t\t\t<div class=\"elementor-column elementor-col-66 elementor-inner-column elementor-element elementor-element-f72a500\" data-id=\"f72a500\" data-element_type=\"column\">\n\t\t\t<div class=\"elementor-widget-wrap elementor-element-populated\">\n\t\t\t\t\t\t<div class=\"elementor-element elementor-element-3eea36f elementor-vertical-align-top elementor-widget elementor-widget-image-box\" data-id=\"3eea36f\" data-element_type=\"widget\" data-widget_type=\"image-box.default\">\n\t\t\t\t<div class=\"elementor-widget-container\">\n\t\t\t<div class=\"elementor-image-box-wrapper\"><div class=\"elementor-image-box-content\"><h3 class=\"elementor-image-box-title\">\u0627\u0644\u0635\u064a\u062f. \u0625\u0631\u0633\u064a\u0646 \u0633\u0644\u0627\u0645<\/h3><p class=\"elementor-image-box-description\">\u0627\u0644\u0635\u064a\u062f. \u0648\u0644\u062f \u0625\u0631\u0633\u064a\u0646 \u0633\u0627\u063a\u0644\u0627\u0645 \u0641\u064a \u0628\u0648\u064a\u0648\u0643 \u062a\u0634\u0643\u0645\u062c\u0647\/\u0625\u0633\u0637\u0646\u0628\u0648\u0644\u060c \u0648\u062a\u062e\u0631\u062c \u0645\u0646 \u0643\u0644\u064a\u0629 \u0627\u0644\u062d\u0642\u0648\u0642 \u0628\u062c\u0627\u0645\u0639\u0629 \u0633\u0644\u062c\u0648\u0642 \u0641\u064a \u0639\u0627\u0645 2021. \u0628\u0639\u062f \u0630\u0644\u0643\u060c \u0628\u062f\u0623 \u062a\u062f\u0631\u064a\u0628\u0647 \u0627\u0644\u0642\u0627\u0646\u0648\u0646\u064a \u0641\u064a \u0634\u0631\u0643\u0629 A&amp;C \u0644\u0644\u0645\u062d\u0627\u0645\u0627\u0629 \u0648\u0627\u0644\u0627\u0633\u062a\u0634\u0627\u0631\u0627\u062a. \u0628\u0639\u062f \u0627\u0646\u062a\u0647\u0627\u0621 \u062a\u062f\u0631\u064a\u0628\u0647 \u0627\u0644\u0642\u0627\u0646\u0648\u0646\u064a\u060c \u062d\u0635\u0644 \u0639\u0644\u0649 \u062a\u0631\u062e\u064a\u0635 \u0645\u062d\u0627\u0645\u0627\u0629 \u0641\u064a \u0646\u0648\u0641\u0645\u0628\u0631 2022 \u0648\u0644\u0627 \u064a\u0632\u0627\u0644 \u064a\u0642\u062f\u0645 \u062e\u062f\u0645\u0627\u062a \u0642\u0627\u0646\u0648\u0646\u064a\u0629 \u0641\u0639\u0627\u0644\u0629 \u0636\u0645\u0646 \u0634\u0631\u0643\u0629 A&amp;C \u0644\u0644\u0645\u062d\u0627\u0645\u0627\u0629 \u0648\u0627\u0644\u0627\u0633\u062a\u0634\u0627\u0631\u0627\u062a. \u064a\u0644\u0639\u0628 \u0625\u0631\u0633\u064a\u0646 \u0633\u0644\u0627\u0645 \u0623\u064a\u0636\u064b\u0627 \u0627\u0644\u062a\u0646\u0633 \u0628\u0634\u0643\u0644 \u0627\u062d\u062a\u0631\u0627\u0641\u064a.<\/p><\/div><\/div>\t\t<\/div>\n\t\t\t\t<\/div>\n\t\t\t\t\t<\/div>\n\t\t<\/div>\n\t\t\t\t<div class=\"elementor-column elementor-col-33 elementor-inner-column elementor-element elementor-element-1610fd6\" data-id=\"1610fd6\" data-element_type=\"column\">\n\t\t\t<div class=\"elementor-widget-wrap elementor-element-populated\">\n\t\t\t\t\t\t<div class=\"elementor-element elementor-element-e3aa045 elementor-widget elementor-widget-image\" data-id=\"e3aa045\" data-element_type=\"widget\" data-widget_type=\"image.default\">\n\t\t\t\t<div class=\"elementor-widget-container\">\n\t\t\t\t\t\t\t\t\t\t\t\t\t<img decoding=\"async\" width=\"2323\" height=\"2560\" src=\"https:\/\/onurceliktas.av.tr\/wp-content\/uploads\/2023\/04\/ersn-scaled.jpg\" class=\"attachment-full size-full wp-image-1967\" alt=\"\" srcset=\"https:\/\/onurceliktas.av.tr\/wp-content\/uploads\/2023\/04\/ersn-scaled.jpg 2323w, https:\/\/onurceliktas.av.tr\/wp-content\/uploads\/2023\/04\/ersn-272x300.jpg 272w, https:\/\/onurceliktas.av.tr\/wp-content\/uploads\/2023\/04\/ersn-929x1024.jpg 929w, https:\/\/onurceliktas.av.tr\/wp-content\/uploads\/2023\/04\/ersn-768x846.jpg 768w, https:\/\/onurceliktas.av.tr\/wp-content\/uploads\/2023\/04\/ersn-1394x1536.jpg 1394w, https:\/\/onurceliktas.av.tr\/wp-content\/uploads\/2023\/04\/ersn-1859x2048.jpg 1859w\" sizes=\"(max-width: 2323px) 100vw, 2323px\" \/>\t\t\t\t\t\t\t\t\t\t\t\t\t<\/div>\n\t\t\t\t<\/div>\n\t\t\t\t\t<\/div>\n\t\t<\/div>\n\t\t\t\t\t<\/div>\n\t\t<\/section>\n\t\t\t\t\t<\/div>\n\t\t<\/div>\n\t\t\t\t\t<\/div>\n\t\t<\/section>\n\t\t\t\t<\/div>\n\t\t","protected":false},"excerpt":{"rendered":"<p>\u0627\u0644\u062a\u0642 \u0628\u0641\u0631\u064a\u0642\u0646\u0627 \u0627\u0644\u0645\u062d\u0627\u0645\u064a \u0627\u0644\u0645\u0624\u0633\u0633 \u0627\u0644\u0635\u064a\u062f. \u0623\u0648\u0646\u0648\u0631 \u0633\u064a\u0644\u064a\u0643\u062a\u0627\u0634 \u0627\u0644\u0635\u064a\u062f. \u0648\u0644\u062f Onur \u00c7EL\u0130KTA\u015e \u0639\u0627\u0645 1990 \u0641\u064a G\u00fcd\u00fcl \/ ANKARA. \u0628\u062f\u0623 \u062f\u0631\u0627\u0633\u062a\u0647 \u0627\u0644\u062c\u0627\u0645\u0639\u064a\u0629 \u0641\u064a \u0643\u0644\u064a\u0629 \u0627\u0644\u062d\u0642\u0648\u0642 \u0628\u062c\u0627\u0645\u0639\u0629 \u0627\u0633\u0637\u0646\u0628\u0648\u0644 \u0639\u0627\u0645 2008 \u0648\u062a\u062e\u0631\u062c \u0639\u0627\u0645 2014. \u0628\u0639\u062f \u0639\u0627\u0645 \u0648\u0627\u062d\u062f \u0645\u0646 \u0627\u0644\u062a\u062f\u0631\u064a\u0628 \u0627\u0644\u0642\u0627\u0646\u0648\u0646\u064a \u060c \u062d\u0635\u0644 \u0639\u0644\u0649 \u0631\u062e\u0635\u062a\u0647 \u0641\u064a \u062f\u064a\u0633\u0645\u0628\u0631 2015 \u060c Att. \u0628\u062f\u0623 \u0627\u0644\u0639\u0645\u0644 \u0645\u0639 \u0623\u0631\u062f\u0648\u063a\u0627\u0646 \u0643\u0648\u0643\u0648\u0644\u0648. \u0641\u064a \u0639\u0627\u0645 2018\u060c \u064a\u0648\u0627\u0635\u0644 \u0623\u0646\u0634\u0637\u062a\u0647 &hellip;<\/p>\n<p class=\"read-more\"> <a class=\"\" href=\"https:\/\/onurceliktas.av.tr\/ar\/%d9%81%d8%b1%d9%8a%d9%82%d9%86%d8%a7\/\"> <span class=\"screen-reader-text\">\u0641\u0631\u064a\u0642\u0646\u0627<\/span> \u0642\u0631\u0627\u0621\u0629 \u0627\u0644\u0645\u0632\u064a\u062f &raquo;<\/a><\/p>\n","protected":false},"author":1,"featured_media":0,"parent":0,"menu_order":0,"comment_status":"closed","ping_status":"closed","template":"","meta":{"site-sidebar-layout":"no-sidebar","site-content-layout":"page-builder","ast-global-header-display":"","ast-main-header-display":"","ast-hfb-above-header-display":"","ast-hfb-below-header-display":"","ast-hfb-mobile-header-display":"","site-post-title":"disabled","ast-breadcrumbs-content":"disabled","ast-featured-img":"disabled","footer-sml-layout":"","theme-transparent-header-meta":"enabled","adv-header-id-meta":"","stick-header-meta":"","header-above-stick-meta":"","header-main-stick-meta":"","header-below-stick-meta":"","footnotes":""},"yoast_head":"<!-- This site is optimized with the Yoast SEO plugin v20.5 - https:\/\/yoast.com\/wordpress\/plugins\/seo\/ -->\n<title>\u0641\u0631\u064a\u0642\u0646\u0627 - \u0642\u0627\u0646\u0648\u0646 A&amp;C - \u0627\u0633\u062a\u0634\u0627\u0631\u0627\u062a<\/title>\n<meta name=\"robots\" content=\"index, follow, max-snippet:-1, max-image-preview:large, max-video-preview:-1\" \/>\n<link rel=\"canonical\" href=\"https:\/\/onurceliktas.av.tr\/ar\/\u0641\u0631\u064a\u0642\u0646\u0627\/\" \/>\n<meta property=\"og:locale\" content=\"ar_AR\" \/>\n<meta property=\"og:type\" content=\"article\" \/>\n<meta property=\"og:title\" content=\"\u0641\u0631\u064a\u0642\u0646\u0627 - \u0642\u0627\u0646\u0648\u0646 A&amp;C - \u0627\u0633\u062a\u0634\u0627\u0631\u0627\u062a\" \/>\n<meta property=\"og:description\" content=\"\u0627\u0644\u062a\u0642 \u0628\u0641\u0631\u064a\u0642\u0646\u0627 \u0627\u0644\u0645\u062d\u0627\u0645\u064a \u0627\u0644\u0645\u0624\u0633\u0633 \u0627\u0644\u0635\u064a\u062f. \u0623\u0648\u0646\u0648\u0631 \u0633\u064a\u0644\u064a\u0643\u062a\u0627\u0634 \u0627\u0644\u0635\u064a\u062f. \u0648\u0644\u062f Onur \u00c7EL\u0130KTA\u015e \u0639\u0627\u0645 1990 \u0641\u064a G\u00fcd\u00fcl \/ ANKARA. \u0628\u062f\u0623 \u062f\u0631\u0627\u0633\u062a\u0647 \u0627\u0644\u062c\u0627\u0645\u0639\u064a\u0629 \u0641\u064a \u0643\u0644\u064a\u0629 \u0627\u0644\u062d\u0642\u0648\u0642 \u0628\u062c\u0627\u0645\u0639\u0629 \u0627\u0633\u0637\u0646\u0628\u0648\u0644 \u0639\u0627\u0645 2008 \u0648\u062a\u062e\u0631\u062c \u0639\u0627\u0645 2014. \u0628\u0639\u062f \u0639\u0627\u0645 \u0648\u0627\u062d\u062f \u0645\u0646 \u0627\u0644\u062a\u062f\u0631\u064a\u0628 \u0627\u0644\u0642\u0627\u0646\u0648\u0646\u064a \u060c \u062d\u0635\u0644 \u0639\u0644\u0649 \u0631\u062e\u0635\u062a\u0647 \u0641\u064a \u062f\u064a\u0633\u0645\u0628\u0631 2015 \u060c Att. \u0628\u062f\u0623 \u0627\u0644\u0639\u0645\u0644 \u0645\u0639 \u0623\u0631\u062f\u0648\u063a\u0627\u0646 \u0643\u0648\u0643\u0648\u0644\u0648. \u0641\u064a \u0639\u0627\u0645 2018\u060c \u064a\u0648\u0627\u0635\u0644 \u0623\u0646\u0634\u0637\u062a\u0647 &hellip; \u0641\u0631\u064a\u0642\u0646\u0627 \u0642\u0631\u0627\u0621\u0629 \u0627\u0644\u0645\u0632\u064a\u062f &raquo;\" \/>\n<meta property=\"og:url\" content=\"https:\/\/onurceliktas.av.tr\/ar\/\u0641\u0631\u064a\u0642\u0646\u0627\/\" \/>\n<meta property=\"og:site_name\" content=\"\u0642\u0627\u0646\u0648\u0646 A&amp;C - \u0627\u0633\u062a\u0634\u0627\u0631\u0627\u062a\" \/>\n<meta property=\"article:modified_time\" content=\"2023-04-14T21:15:55+00:00\" \/>\n<meta property=\"og:image\" content=\"https:\/\/onurceliktas.av.tr\/wp-content\/uploads\/2023\/03\/ac-onur-2023-04-13.jpeg\" \/>\n<meta name=\"twitter:card\" content=\"summary_large_image\" \/>\n<script type=\"application\/ld+json\" class=\"yoast-schema-graph\">{\"@context\":\"https:\/\/schema.org\",\"@graph\":[{\"@type\":\"WebPage\",\"@id\":\"https:\/\/onurceliktas.av.tr\/ar\/%d9%81%d8%b1%d9%8a%d9%82%d9%86%d8%a7\/\",\"url\":\"https:\/\/onurceliktas.av.tr\/ar\/%d9%81%d8%b1%d9%8a%d9%82%d9%86%d8%a7\/\",\"name\":\"\u0641\u0631\u064a\u0642\u0646\u0627 - \u0642\u0627\u0646\u0648\u0646 A&amp;C - \u0627\u0633\u062a\u0634\u0627\u0631\u0627\u062a\",\"isPartOf\":{\"@id\":\"https:\/\/onurceliktas.av.tr\/#website\"},\"datePublished\":\"2021-03-08T07:07:17+00:00\",\"dateModified\":\"2023-04-14T21:15:55+00:00\",\"breadcrumb\":{\"@id\":\"https:\/\/onurceliktas.av.tr\/ar\/%d9%81%d8%b1%d9%8a%d9%82%d9%86%d8%a7\/#breadcrumb\"},\"inLanguage\":\"ar\",\"potentialAction\":[{\"@type\":\"ReadAction\",\"target\":[\"https:\/\/onurceliktas.av.tr\/ar\/%d9%81%d8%b1%d9%8a%d9%82%d9%86%d8%a7\/\"]}]},{\"@type\":\"BreadcrumbList\",\"@id\":\"https:\/\/onurceliktas.av.tr\/ar\/%d9%81%d8%b1%d9%8a%d9%82%d9%86%d8%a7\/#breadcrumb\",\"itemListElement\":[{\"@type\":\"ListItem\",\"position\":1,\"name\":\"Anasayfa\",\"item\":\"https:\/\/onurceliktas.av.tr\/ar\/%d8%a8%d9%8a%d8%aa\/\"},{\"@type\":\"ListItem\",\"position\":2,\"name\":\"\u0641\u0631\u064a\u0642\u0646\u0627\"}]},{\"@type\":\"WebSite\",\"@id\":\"https:\/\/onurceliktas.av.tr\/#website\",\"url\":\"https:\/\/onurceliktas.av.tr\/\",\"name\":\"A&C Hukuk - Dan\u0131\u015fmanl\u0131k\",\"description\":\"\",\"publisher\":{\"@id\":\"https:\/\/onurceliktas.av.tr\/#organization\"},\"potentialAction\":[{\"@type\":\"SearchAction\",\"target\":{\"@type\":\"EntryPoint\",\"urlTemplate\":\"https:\/\/onurceliktas.av.tr\/?s={search_term_string}\"},\"query-input\":\"required name=search_term_string\"}],\"inLanguage\":\"ar\"},{\"@type\":\"Organization\",\"@id\":\"https:\/\/onurceliktas.av.tr\/#organization\",\"name\":\"A&C Hukuk - Dan\u0131\u015fmanl\u0131k\",\"url\":\"https:\/\/onurceliktas.av.tr\/\",\"logo\":{\"@type\":\"ImageObject\",\"inLanguage\":\"ar\",\"@id\":\"https:\/\/onurceliktas.av.tr\/#\/schema\/logo\/image\/\",\"url\":\"https:\/\/onurceliktas.av.tr\/wp-content\/uploads\/2023\/03\/Asset-2.png\",\"contentUrl\":\"https:\/\/onurceliktas.av.tr\/wp-content\/uploads\/2023\/03\/Asset-2.png\",\"width\":300,\"height\":204,\"caption\":\"A&C Hukuk - Dan\u0131\u015fmanl\u0131k\"},\"image\":{\"@id\":\"https:\/\/onurceliktas.av.tr\/#\/schema\/logo\/image\/\"}}]}<\/script>\n<!-- \/ Yoast SEO plugin. -->","yoast_head_json":{"title":"\u0641\u0631\u064a\u0642\u0646\u0627 - \u0642\u0627\u0646\u0648\u0646 A&amp;C - \u0627\u0633\u062a\u0634\u0627\u0631\u0627\u062a","robots":{"index":"index","follow":"follow","max-snippet":"max-snippet:-1","max-image-preview":"max-image-preview:large","max-video-preview":"max-video-preview:-1"},"canonical":"https:\/\/onurceliktas.av.tr\/ar\/\u0641\u0631\u064a\u0642\u0646\u0627\/","og_locale":"ar_AR","og_type":"article","og_title":"\u0641\u0631\u064a\u0642\u0646\u0627 - \u0642\u0627\u0646\u0648\u0646 A&amp;C - \u0627\u0633\u062a\u0634\u0627\u0631\u0627\u062a","og_description":"\u0627\u0644\u062a\u0642 \u0628\u0641\u0631\u064a\u0642\u0646\u0627 \u0627\u0644\u0645\u062d\u0627\u0645\u064a \u0627\u0644\u0645\u0624\u0633\u0633 \u0627\u0644\u0635\u064a\u062f. \u0623\u0648\u0646\u0648\u0631 \u0633\u064a\u0644\u064a\u0643\u062a\u0627\u0634 \u0627\u0644\u0635\u064a\u062f. \u0648\u0644\u062f Onur \u00c7EL\u0130KTA\u015e \u0639\u0627\u0645 1990 \u0641\u064a G\u00fcd\u00fcl \/ ANKARA. \u0628\u062f\u0623 \u062f\u0631\u0627\u0633\u062a\u0647 \u0627\u0644\u062c\u0627\u0645\u0639\u064a\u0629 \u0641\u064a \u0643\u0644\u064a\u0629 \u0627\u0644\u062d\u0642\u0648\u0642 \u0628\u062c\u0627\u0645\u0639\u0629 \u0627\u0633\u0637\u0646\u0628\u0648\u0644 \u0639\u0627\u0645 2008 \u0648\u062a\u062e\u0631\u062c \u0639\u0627\u0645 2014. \u0628\u0639\u062f \u0639\u0627\u0645 \u0648\u0627\u062d\u062f \u0645\u0646 \u0627\u0644\u062a\u062f\u0631\u064a\u0628 \u0627\u0644\u0642\u0627\u0646\u0648\u0646\u064a \u060c \u062d\u0635\u0644 \u0639\u0644\u0649 \u0631\u062e\u0635\u062a\u0647 \u0641\u064a \u062f\u064a\u0633\u0645\u0628\u0631 2015 \u060c Att. \u0628\u062f\u0623 \u0627\u0644\u0639\u0645\u0644 \u0645\u0639 \u0623\u0631\u062f\u0648\u063a\u0627\u0646 \u0643\u0648\u0643\u0648\u0644\u0648. \u0641\u064a \u0639\u0627\u0645 2018\u060c \u064a\u0648\u0627\u0635\u0644 \u0623\u0646\u0634\u0637\u062a\u0647 &hellip; \u0641\u0631\u064a\u0642\u0646\u0627 \u0642\u0631\u0627\u0621\u0629 \u0627\u0644\u0645\u0632\u064a\u062f &raquo;","og_url":"https:\/\/onurceliktas.av.tr\/ar\/\u0641\u0631\u064a\u0642\u0646\u0627\/","og_site_name":"\u0642\u0627\u0646\u0648\u0646 A&amp;C - \u0627\u0633\u062a\u0634\u0627\u0631\u0627\u062a","article_modified_time":"2023-04-14T21:15:55+00:00","og_image":[{"url":"https:\/\/onurceliktas.av.tr\/wp-content\/uploads\/2023\/03\/ac-onur-2023-04-13.jpeg"}],"twitter_card":"summary_large_image","schema":{"@context":"https:\/\/schema.org","@graph":[{"@type":"WebPage","@id":"https:\/\/onurceliktas.av.tr\/ar\/%d9%81%d8%b1%d9%8a%d9%82%d9%86%d8%a7\/","url":"https:\/\/onurceliktas.av.tr\/ar\/%d9%81%d8%b1%d9%8a%d9%82%d9%86%d8%a7\/","name":"\u0641\u0631\u064a\u0642\u0646\u0627 - \u0642\u0627\u0646\u0648\u0646 A&amp;C - \u0627\u0633\u062a\u0634\u0627\u0631\u0627\u062a","isPartOf":{"@id":"https:\/\/onurceliktas.av.tr\/#website"},"datePublished":"2021-03-08T07:07:17+00:00","dateModified":"2023-04-14T21:15:55+00:00","breadcrumb":{"@id":"https:\/\/onurceliktas.av.tr\/ar\/%d9%81%d8%b1%d9%8a%d9%82%d9%86%d8%a7\/#breadcrumb"},"inLanguage":"ar","potentialAction":[{"@type":"ReadAction","target":["https:\/\/onurceliktas.av.tr\/ar\/%d9%81%d8%b1%d9%8a%d9%82%d9%86%d8%a7\/"]}]},{"@type":"BreadcrumbList","@id":"https:\/\/onurceliktas.av.tr\/ar\/%d9%81%d8%b1%d9%8a%d9%82%d9%86%d8%a7\/#breadcrumb","itemListElement":[{"@type":"ListItem","position":1,"name":"Anasayfa","item":"https:\/\/onurceliktas.av.tr\/ar\/%d8%a8%d9%8a%d8%aa\/"},{"@type":"ListItem","position":2,"name":"\u0641\u0631\u064a\u0642\u0646\u0627"}]},{"@type":"WebSite","@id":"https:\/\/onurceliktas.av.tr\/#website","url":"https:\/\/onurceliktas.av.tr\/","name":"A&C Hukuk - Dan\u0131\u015fmanl\u0131k","description":"","publisher":{"@id":"https:\/\/onurceliktas.av.tr\/#organization"},"potentialAction":[{"@type":"SearchAction","target":{"@type":"EntryPoint","urlTemplate":"https:\/\/onurceliktas.av.tr\/?s={search_term_string}"},"query-input":"required name=search_term_string"}],"inLanguage":"ar"},{"@type":"Organization","@id":"https:\/\/onurceliktas.av.tr\/#organization","name":"A&C Hukuk - Dan\u0131\u015fmanl\u0131k","url":"https:\/\/onurceliktas.av.tr\/","logo":{"@type":"ImageObject","inLanguage":"ar","@id":"https:\/\/onurceliktas.av.tr\/#\/schema\/logo\/image\/","url":"https:\/\/onurceliktas.av.tr\/wp-content\/uploads\/2023\/03\/Asset-2.png","contentUrl":"https:\/\/onurceliktas.av.tr\/wp-content\/uploads\/2023\/03\/Asset-2.png","width":300,"height":204,"caption":"A&C Hukuk - Dan\u0131\u015fmanl\u0131k"},"image":{"@id":"https:\/\/onurceliktas.av.tr\/#\/schema\/logo\/image\/"}}]}},"_links":{"self":[{"href":"https:\/\/onurceliktas.av.tr\/ar\/wp-json\/wp\/v2\/pages\/2222"}],"collection":[{"href":"https:\/\/onurceliktas.av.tr\/ar\/wp-json\/wp\/v2\/pages"}],"about":[{"href":"https:\/\/onurceliktas.av.tr\/ar\/wp-json\/wp\/v2\/types\/page"}],"author":[{"embeddable":true,"href":"https:\/\/onurceliktas.av.tr\/ar\/wp-json\/wp\/v2\/users\/1"}],"replies":[{"embeddable":true,"href":"https:\/\/onurceliktas.av.tr\/ar\/wp-json\/wp\/v2\/comments?post=2222"}],"version-history":[{"count":6,"href":"https:\/\/onurceliktas.av.tr\/ar\/wp-json\/wp\/v2\/pages\/2222\/revisions"}],"predecessor-version":[{"id":2380,"href":"https:\/\/onurceliktas.av.tr\/ar\/wp-json\/wp\/v2\/pages\/2222\/revisions\/2380"}],"wp:attachment":[{"href":"https:\/\/onurceliktas.av.tr\/ar\/wp-json\/wp\/v2\/media?parent=2222"}],"curies":[{"name":"wp","href":"https:\/\/api.w.org\/{rel}","templated":true}]}}