{"id":2218,"date":"2021-03-09T07:25:39","date_gmt":"2021-03-09T04:25:39","guid":{"rendered":"https:\/\/ac.umutore.com\/%d9%85%d9%82%d8%a7%d9%84%d8%a7%d8%aa-%d9%82%d8%a7%d9%86%d9%88%d9%86%d9%8a%d8%a9\/"},"modified":"2023-04-06T14:33:42","modified_gmt":"2023-04-06T11:33:42","slug":"%d9%85%d9%82%d8%a7%d9%84%d8%a7%d8%aa-%d9%82%d8%a7%d9%86%d9%88%d9%86%d9%8a%d8%a9","status":"publish","type":"page","link":"https:\/\/onurceliktas.av.tr\/ar\/%d9%85%d9%82%d8%a7%d9%84%d8%a7%d8%aa-%d9%82%d8%a7%d9%86%d9%88%d9%86%d9%8a%d8%a9\/","title":{"rendered":"\u0645\u0642\u0627\u0644\u0627\u062a \u0642\u0627\u0646\u0648\u0646\u064a\u0629"},"content":{"rendered":"\t\t<div data-elementor-type=\"wp-page\" data-elementor-id=\"2218\" class=\"elementor elementor-2218 elementor-1002\">\n\t\t\t\t\t\t<section class=\"elementor-section elementor-top-section elementor-element elementor-element-2ea212b elementor-section-boxed elementor-section-height-default elementor-section-height-default\" data-id=\"2ea212b\" data-element_type=\"section\" data-settings=\"{&quot;background_background&quot;:&quot;classic&quot;}\">\n\t\t\t\t\t\t<div class=\"elementor-container elementor-column-gap-no\">\n\t\t\t\t\t<div class=\"elementor-column elementor-col-100 elementor-top-column elementor-element elementor-element-64c1e225\" data-id=\"64c1e225\" data-element_type=\"column\">\n\t\t\t<div class=\"elementor-widget-wrap elementor-element-populated\">\n\t\t\t\t\t\t<div class=\"elementor-element elementor-element-78a06c6 elementor-widget elementor-widget-heading\" data-id=\"78a06c6\" data-element_type=\"widget\" data-widget_type=\"heading.default\">\n\t\t\t\t<div class=\"elementor-widget-container\">\n\t\t\t<style>\/*! elementor - v3.22.0 - 26-06-2024 *\/\n.elementor-heading-title{padding:0;margin:0;line-height:1}.elementor-widget-heading .elementor-heading-title[class*=elementor-size-]>a{color:inherit;font-size:inherit;line-height:inherit}.elementor-widget-heading .elementor-heading-title.elementor-size-small{font-size:15px}.elementor-widget-heading .elementor-heading-title.elementor-size-medium{font-size:19px}.elementor-widget-heading .elementor-heading-title.elementor-size-large{font-size:29px}.elementor-widget-heading .elementor-heading-title.elementor-size-xl{font-size:39px}.elementor-widget-heading .elementor-heading-title.elementor-size-xxl{font-size:59px}<\/style><h1 class=\"elementor-heading-title elementor-size-xl\">\u0645\u0642\u0627\u0644\u0627\u062a \u0642\u0627\u0646\u0648\u0646\u064a\u0629<\/h1>\t\t<\/div>\n\t\t\t\t<\/div>\n\t\t\t\t\t<\/div>\n\t\t<\/div>\n\t\t\t\t\t<\/div>\n\t\t<\/section>\n\t\t\t\t<section class=\"elementor-section elementor-top-section elementor-element elementor-element-c9trp6l elementor-section-content-middle elementor-section-boxed elementor-section-height-default elementor-section-height-default\" data-id=\"c9trp6l\" data-element_type=\"section\" data-settings=\"{&quot;background_background&quot;:&quot;classic&quot;}\">\n\t\t\t\t\t\t\t<div class=\"elementor-background-overlay\"><\/div>\n\t\t\t\t\t\t\t<div class=\"elementor-container elementor-column-gap-no\">\n\t\t\t\t\t<div class=\"elementor-column elementor-col-100 elementor-top-column elementor-element elementor-element-8956963\" data-id=\"8956963\" data-element_type=\"column\">\n\t\t\t<div class=\"elementor-widget-wrap elementor-element-populated\">\n\t\t\t\t\t\t<div class=\"elementor-element elementor-element-5e9d1e3 elementor-widget elementor-widget-heading\" data-id=\"5e9d1e3\" data-element_type=\"widget\" data-widget_type=\"heading.default\">\n\t\t\t\t<div class=\"elementor-widget-container\">\n\t\t\t<h5 class=\"elementor-heading-title elementor-size-default\">\u062e\u0627\u0631\u062c \u0627\u0644\u062e\u062f\u0645\u0629 \u0645\u0624\u0642\u062a\u0627<\/h5>\t\t<\/div>\n\t\t\t\t<\/div>\n\t\t\t\t<div class=\"elementor-element elementor-element-6d30477 elementor-widget elementor-widget-heading\" data-id=\"6d30477\" data-element_type=\"widget\" data-widget_type=\"heading.default\">\n\t\t\t\t<div class=\"elementor-widget-container\">\n\t\t\t<h2 class=\"elementor-heading-title elementor-size-default\">\u0627\u0633\u062a\u0645\u0631\u0627\u0631 \u0623\u0639\u0645\u0627\u0644 \u0627\u0644\u0628\u0646\u0627\u0621.<br>\u0627\u0644\u0631\u062c\u0627\u0621 \u0645\u0639\u0627\u0648\u062f\u0629 \u0627\u0644\u0645\u062d\u0627\u0648\u0644\u0629 \u0641\u064a \u0648\u0642\u062a \u0644\u0627\u062d\u0642.<\/h2>\t\t<\/div>\n\t\t\t\t<\/div>\n\t\t\t\t<div class=\"elementor-element elementor-element-4e9cf2f elementor-align-center elementor-widget elementor-widget-button\" data-id=\"4e9cf2f\" data-element_type=\"widget\" data-widget_type=\"button.default\">\n\t\t\t\t<div class=\"elementor-widget-container\">\n\t\t\t\t\t<div class=\"elementor-button-wrapper\">\n\t\t\t<a class=\"elementor-button elementor-size-sm\" role=\"button\">\n\t\t\t\t\t\t<span class=\"elementor-button-content-wrapper\">\n\t\t\t\t\t\t\t\t\t<span class=\"elementor-button-text\">\u0627\u0644\u0639\u0648\u062f\u0629 \u0625\u0644\u0649 \u0627\u0644\u0635\u0641\u062d\u0629 \u0627\u0644\u0631\u0626\u064a\u0633\u064a\u0629<\/span>\n\t\t\t\t\t<\/span>\n\t\t\t\t\t<\/a>\n\t\t<\/div>\n\t\t\t\t<\/div>\n\t\t\t\t<\/div>\n\t\t\t\t\t<\/div>\n\t\t<\/div>\n\t\t\t\t\t<\/div>\n\t\t<\/section>\n\t\t\t\t<\/div>\n\t\t","protected":false},"excerpt":{"rendered":"<p>\u0645\u0642\u0627\u0644\u0627\u062a \u0642\u0627\u0646\u0648\u0646\u064a\u0629 \u062e\u0627\u0631\u062c \u0627\u0644\u062e\u062f\u0645\u0629 \u0645\u0624\u0642\u062a\u0627 \u0627\u0633\u062a\u0645\u0631\u0627\u0631 \u0623\u0639\u0645\u0627\u0644 \u0627\u0644\u0628\u0646\u0627\u0621.\u0627\u0644\u0631\u062c\u0627\u0621 \u0645\u0639\u0627\u0648\u062f\u0629 \u0627\u0644\u0645\u062d\u0627\u0648\u0644\u0629 \u0641\u064a \u0648\u0642\u062a \u0644\u0627\u062d\u0642. \u0627\u0644\u0639\u0648\u062f\u0629 \u0625\u0644\u0649 \u0627\u0644\u0635\u0641\u062d\u0629 \u0627\u0644\u0631\u0626\u064a\u0633\u064a\u0629<\/p>\n","protected":false},"author":1,"featured_media":0,"parent":0,"menu_order":0,"comment_status":"closed","ping_status":"closed","template":"","meta":{"site-sidebar-layout":"no-sidebar","site-content-layout":"page-builder","ast-global-header-display":"","ast-main-header-display":"","ast-hfb-above-header-display":"","ast-hfb-below-header-display":"","ast-hfb-mobile-header-display":"","site-post-title":"disabled","ast-breadcrumbs-content":"disabled","ast-featured-img":"disabled","footer-sml-layout":"","theme-transparent-header-meta":"enabled","adv-header-id-meta":"","stick-header-meta":"","header-above-stick-meta":"","header-main-stick-meta":"","header-below-stick-meta":"","footnotes":""},"yoast_head":"<!-- This site is optimized with the Yoast SEO plugin v20.5 - https:\/\/yoast.com\/wordpress\/plugins\/seo\/ -->\n<title>\u0645\u0642\u0627\u0644\u0627\u062a \u0642\u0627\u0646\u0648\u0646\u064a\u0629 - \u0642\u0627\u0646\u0648\u0646 A&amp;C - \u0627\u0633\u062a\u0634\u0627\u0631\u0627\u062a<\/title>\n<meta name=\"robots\" content=\"index, follow, max-snippet:-1, max-image-preview:large, max-video-preview:-1\" \/>\n<link rel=\"canonical\" href=\"https:\/\/onurceliktas.av.tr\/ar\/\u0645\u0642\u0627\u0644\u0627\u062a-\u0642\u0627\u0646\u0648\u0646\u064a\u0629\/\" \/>\n<meta property=\"og:locale\" content=\"ar_AR\" \/>\n<meta property=\"og:type\" content=\"article\" \/>\n<meta property=\"og:title\" content=\"\u0645\u0642\u0627\u0644\u0627\u062a \u0642\u0627\u0646\u0648\u0646\u064a\u0629 - \u0642\u0627\u0646\u0648\u0646 A&amp;C - \u0627\u0633\u062a\u0634\u0627\u0631\u0627\u062a\" \/>\n<meta property=\"og:description\" content=\"\u0645\u0642\u0627\u0644\u0627\u062a \u0642\u0627\u0646\u0648\u0646\u064a\u0629 \u062e\u0627\u0631\u062c \u0627\u0644\u062e\u062f\u0645\u0629 \u0645\u0624\u0642\u062a\u0627 \u0627\u0633\u062a\u0645\u0631\u0627\u0631 \u0623\u0639\u0645\u0627\u0644 \u0627\u0644\u0628\u0646\u0627\u0621.\u0627\u0644\u0631\u062c\u0627\u0621 \u0645\u0639\u0627\u0648\u062f\u0629 \u0627\u0644\u0645\u062d\u0627\u0648\u0644\u0629 \u0641\u064a \u0648\u0642\u062a \u0644\u0627\u062d\u0642. \u0627\u0644\u0639\u0648\u062f\u0629 \u0625\u0644\u0649 \u0627\u0644\u0635\u0641\u062d\u0629 \u0627\u0644\u0631\u0626\u064a\u0633\u064a\u0629\" \/>\n<meta property=\"og:url\" content=\"https:\/\/onurceliktas.av.tr\/ar\/\u0645\u0642\u0627\u0644\u0627\u062a-\u0642\u0627\u0646\u0648\u0646\u064a\u0629\/\" \/>\n<meta property=\"og:site_name\" content=\"\u0642\u0627\u0646\u0648\u0646 A&amp;C - \u0627\u0633\u062a\u0634\u0627\u0631\u0627\u062a\" \/>\n<meta property=\"article:modified_time\" content=\"2023-04-06T11:33:42+00:00\" \/>\n<meta name=\"twitter:card\" content=\"summary_large_image\" \/>\n<script type=\"application\/ld+json\" class=\"yoast-schema-graph\">{\"@context\":\"https:\/\/schema.org\",\"@graph\":[{\"@type\":\"WebPage\",\"@id\":\"https:\/\/onurceliktas.av.tr\/ar\/%d9%85%d9%82%d8%a7%d9%84%d8%a7%d8%aa-%d9%82%d8%a7%d9%86%d9%88%d9%86%d9%8a%d8%a9\/\",\"url\":\"https:\/\/onurceliktas.av.tr\/ar\/%d9%85%d9%82%d8%a7%d9%84%d8%a7%d8%aa-%d9%82%d8%a7%d9%86%d9%88%d9%86%d9%8a%d8%a9\/\",\"name\":\"\u0645\u0642\u0627\u0644\u0627\u062a \u0642\u0627\u0646\u0648\u0646\u064a\u0629 - \u0642\u0627\u0646\u0648\u0646 A&amp;C - \u0627\u0633\u062a\u0634\u0627\u0631\u0627\u062a\",\"isPartOf\":{\"@id\":\"https:\/\/onurceliktas.av.tr\/#website\"},\"datePublished\":\"2021-03-09T04:25:39+00:00\",\"dateModified\":\"2023-04-06T11:33:42+00:00\",\"breadcrumb\":{\"@id\":\"https:\/\/onurceliktas.av.tr\/ar\/%d9%85%d9%82%d8%a7%d9%84%d8%a7%d8%aa-%d9%82%d8%a7%d9%86%d9%88%d9%86%d9%8a%d8%a9\/#breadcrumb\"},\"inLanguage\":\"ar\",\"potentialAction\":[{\"@type\":\"ReadAction\",\"target\":[\"https:\/\/onurceliktas.av.tr\/ar\/%d9%85%d9%82%d8%a7%d9%84%d8%a7%d8%aa-%d9%82%d8%a7%d9%86%d9%88%d9%86%d9%8a%d8%a9\/\"]}]},{\"@type\":\"BreadcrumbList\",\"@id\":\"https:\/\/onurceliktas.av.tr\/ar\/%d9%85%d9%82%d8%a7%d9%84%d8%a7%d8%aa-%d9%82%d8%a7%d9%86%d9%88%d9%86%d9%8a%d8%a9\/#breadcrumb\",\"itemListElement\":[{\"@type\":\"ListItem\",\"position\":1,\"name\":\"Anasayfa\",\"item\":\"https:\/\/onurceliktas.av.tr\/ar\/%d8%a8%d9%8a%d8%aa\/\"},{\"@type\":\"ListItem\",\"position\":2,\"name\":\"\u0645\u0642\u0627\u0644\u0627\u062a \u0642\u0627\u0646\u0648\u0646\u064a\u0629\"}]},{\"@type\":\"WebSite\",\"@id\":\"https:\/\/onurceliktas.av.tr\/#website\",\"url\":\"https:\/\/onurceliktas.av.tr\/\",\"name\":\"A&C Hukuk - Dan\u0131\u015fmanl\u0131k\",\"description\":\"\",\"publisher\":{\"@id\":\"https:\/\/onurceliktas.av.tr\/#organization\"},\"potentialAction\":[{\"@type\":\"SearchAction\",\"target\":{\"@type\":\"EntryPoint\",\"urlTemplate\":\"https:\/\/onurceliktas.av.tr\/?s={search_term_string}\"},\"query-input\":\"required name=search_term_string\"}],\"inLanguage\":\"ar\"},{\"@type\":\"Organization\",\"@id\":\"https:\/\/onurceliktas.av.tr\/#organization\",\"name\":\"A&C Hukuk - Dan\u0131\u015fmanl\u0131k\",\"url\":\"https:\/\/onurceliktas.av.tr\/\",\"logo\":{\"@type\":\"ImageObject\",\"inLanguage\":\"ar\",\"@id\":\"https:\/\/onurceliktas.av.tr\/#\/schema\/logo\/image\/\",\"url\":\"https:\/\/onurceliktas.av.tr\/wp-content\/uploads\/2023\/03\/Asset-2.png\",\"contentUrl\":\"https:\/\/onurceliktas.av.tr\/wp-content\/uploads\/2023\/03\/Asset-2.png\",\"width\":300,\"height\":204,\"caption\":\"A&C Hukuk - Dan\u0131\u015fmanl\u0131k\"},\"image\":{\"@id\":\"https:\/\/onurceliktas.av.tr\/#\/schema\/logo\/image\/\"}}]}<\/script>\n<!-- \/ Yoast SEO plugin. -->","yoast_head_json":{"title":"\u0645\u0642\u0627\u0644\u0627\u062a \u0642\u0627\u0646\u0648\u0646\u064a\u0629 - \u0642\u0627\u0646\u0648\u0646 A&amp;C - \u0627\u0633\u062a\u0634\u0627\u0631\u0627\u062a","robots":{"index":"index","follow":"follow","max-snippet":"max-snippet:-1","max-image-preview":"max-image-preview:large","max-video-preview":"max-video-preview:-1"},"canonical":"https:\/\/onurceliktas.av.tr\/ar\/\u0645\u0642\u0627\u0644\u0627\u062a-\u0642\u0627\u0646\u0648\u0646\u064a\u0629\/","og_locale":"ar_AR","og_type":"article","og_title":"\u0645\u0642\u0627\u0644\u0627\u062a \u0642\u0627\u0646\u0648\u0646\u064a\u0629 - \u0642\u0627\u0646\u0648\u0646 A&amp;C - \u0627\u0633\u062a\u0634\u0627\u0631\u0627\u062a","og_description":"\u0645\u0642\u0627\u0644\u0627\u062a \u0642\u0627\u0646\u0648\u0646\u064a\u0629 \u062e\u0627\u0631\u062c \u0627\u0644\u062e\u062f\u0645\u0629 \u0645\u0624\u0642\u062a\u0627 \u0627\u0633\u062a\u0645\u0631\u0627\u0631 \u0623\u0639\u0645\u0627\u0644 \u0627\u0644\u0628\u0646\u0627\u0621.\u0627\u0644\u0631\u062c\u0627\u0621 \u0645\u0639\u0627\u0648\u062f\u0629 \u0627\u0644\u0645\u062d\u0627\u0648\u0644\u0629 \u0641\u064a \u0648\u0642\u062a \u0644\u0627\u062d\u0642. \u0627\u0644\u0639\u0648\u062f\u0629 \u0625\u0644\u0649 \u0627\u0644\u0635\u0641\u062d\u0629 \u0627\u0644\u0631\u0626\u064a\u0633\u064a\u0629","og_url":"https:\/\/onurceliktas.av.tr\/ar\/\u0645\u0642\u0627\u0644\u0627\u062a-\u0642\u0627\u0646\u0648\u0646\u064a\u0629\/","og_site_name":"\u0642\u0627\u0646\u0648\u0646 A&amp;C - \u0627\u0633\u062a\u0634\u0627\u0631\u0627\u062a","article_modified_time":"2023-04-06T11:33:42+00:00","twitter_card":"summary_large_image","schema":{"@context":"https:\/\/schema.org","@graph":[{"@type":"WebPage","@id":"https:\/\/onurceliktas.av.tr\/ar\/%d9%85%d9%82%d8%a7%d9%84%d8%a7%d8%aa-%d9%82%d8%a7%d9%86%d9%88%d9%86%d9%8a%d8%a9\/","url":"https:\/\/onurceliktas.av.tr\/ar\/%d9%85%d9%82%d8%a7%d9%84%d8%a7%d8%aa-%d9%82%d8%a7%d9%86%d9%88%d9%86%d9%8a%d8%a9\/","name":"\u0645\u0642\u0627\u0644\u0627\u062a \u0642\u0627\u0646\u0648\u0646\u064a\u0629 - \u0642\u0627\u0646\u0648\u0646 A&amp;C - \u0627\u0633\u062a\u0634\u0627\u0631\u0627\u062a","isPartOf":{"@id":"https:\/\/onurceliktas.av.tr\/#website"},"datePublished":"2021-03-09T04:25:39+00:00","dateModified":"2023-04-06T11:33:42+00:00","breadcrumb":{"@id":"https:\/\/onurceliktas.av.tr\/ar\/%d9%85%d9%82%d8%a7%d9%84%d8%a7%d8%aa-%d9%82%d8%a7%d9%86%d9%88%d9%86%d9%8a%d8%a9\/#breadcrumb"},"inLanguage":"ar","potentialAction":[{"@type":"ReadAction","target":["https:\/\/onurceliktas.av.tr\/ar\/%d9%85%d9%82%d8%a7%d9%84%d8%a7%d8%aa-%d9%82%d8%a7%d9%86%d9%88%d9%86%d9%8a%d8%a9\/"]}]},{"@type":"BreadcrumbList","@id":"https:\/\/onurceliktas.av.tr\/ar\/%d9%85%d9%82%d8%a7%d9%84%d8%a7%d8%aa-%d9%82%d8%a7%d9%86%d9%88%d9%86%d9%8a%d8%a9\/#breadcrumb","itemListElement":[{"@type":"ListItem","position":1,"name":"Anasayfa","item":"https:\/\/onurceliktas.av.tr\/ar\/%d8%a8%d9%8a%d8%aa\/"},{"@type":"ListItem","position":2,"name":"\u0645\u0642\u0627\u0644\u0627\u062a \u0642\u0627\u0646\u0648\u0646\u064a\u0629"}]},{"@type":"WebSite","@id":"https:\/\/onurceliktas.av.tr\/#website","url":"https:\/\/onurceliktas.av.tr\/","name":"A&C Hukuk - Dan\u0131\u015fmanl\u0131k","description":"","publisher":{"@id":"https:\/\/onurceliktas.av.tr\/#organization"},"potentialAction":[{"@type":"SearchAction","target":{"@type":"EntryPoint","urlTemplate":"https:\/\/onurceliktas.av.tr\/?s={search_term_string}"},"query-input":"required name=search_term_string"}],"inLanguage":"ar"},{"@type":"Organization","@id":"https:\/\/onurceliktas.av.tr\/#organization","name":"A&C Hukuk - Dan\u0131\u015fmanl\u0131k","url":"https:\/\/onurceliktas.av.tr\/","logo":{"@type":"ImageObject","inLanguage":"ar","@id":"https:\/\/onurceliktas.av.tr\/#\/schema\/logo\/image\/","url":"https:\/\/onurceliktas.av.tr\/wp-content\/uploads\/2023\/03\/Asset-2.png","contentUrl":"https:\/\/onurceliktas.av.tr\/wp-content\/uploads\/2023\/03\/Asset-2.png","width":300,"height":204,"caption":"A&C Hukuk - Dan\u0131\u015fmanl\u0131k"},"image":{"@id":"https:\/\/onurceliktas.av.tr\/#\/schema\/logo\/image\/"}}]}},"_links":{"self":[{"href":"https:\/\/onurceliktas.av.tr\/ar\/wp-json\/wp\/v2\/pages\/2218"}],"collection":[{"href":"https:\/\/onurceliktas.av.tr\/ar\/wp-json\/wp\/v2\/pages"}],"about":[{"href":"https:\/\/onurceliktas.av.tr\/ar\/wp-json\/wp\/v2\/types\/page"}],"author":[{"embeddable":true,"href":"https:\/\/onurceliktas.av.tr\/ar\/wp-json\/wp\/v2\/users\/1"}],"replies":[{"embeddable":true,"href":"https:\/\/onurceliktas.av.tr\/ar\/wp-json\/wp\/v2\/comments?post=2218"}],"version-history":[{"count":2,"href":"https:\/\/onurceliktas.av.tr\/ar\/wp-json\/wp\/v2\/pages\/2218\/revisions"}],"predecessor-version":[{"id":2277,"href":"https:\/\/onurceliktas.av.tr\/ar\/wp-json\/wp\/v2\/pages\/2218\/revisions\/2277"}],"wp:attachment":[{"href":"https:\/\/onurceliktas.av.tr\/ar\/wp-json\/wp\/v2\/media?parent=2218"}],"curies":[{"name":"wp","href":"https:\/\/api.w.org\/{rel}","templated":true}]}}